{"id":4209,"date":"2021-10-24T14:20:10","date_gmt":"2021-10-24T12:20:10","guid":{"rendered":"https:\/\/www.skillshirtz.com\/produkt\/skillshirtz-set\/"},"modified":"2024-06-25T14:23:20","modified_gmt":"2024-06-25T12:23:20","slug":"skillshirtz-set","status":"publish","type":"product","link":"https:\/\/www.skillshirtz.com\/fr\/produkt\/skillshirtz-set\/","title":{"rendered":"SKILLSHIRTZ\u00ae Set"},"content":{"rendered":"<p><b>Description:<\/b><\/p>\n<p><span style=\"font-weight: 400;\">SKILLSHIRTZ<sup>\u00ae<\/sup> sont des maillots d&#8217;entra\u00eenement de diff\u00e9rentes couleurs, l&#8217;une pour la partie gauche et l&#8217;autre pour la partie droite du corps. Cette division permet de d\u00e9velopper des signaux de couleur directs ou indirects en relation avec ces couleurs et de les utiliser comme appel au mouvement ou \u00e0 l&#8217;action dans le cadre d&#8217;un processus d&#8217;entra\u00eenement cognitif. Un simple signal visuel ou sonore modifie la direction du jeu, l&#8217;appartenance \u00e0 une \u00e9quipe ou le rapport entre sup\u00e9riorit\u00e9 et inf\u00e9riorit\u00e9 num\u00e9rique.<\/span><\/p>\n<p><b>D\u00e9tails:<\/b><\/p>\n<ul>\n<li style=\"font-weight: 400;\" aria-level=\"1\"><span style=\"font-weight: 400;\">Un set SKILLSHIRTZ<sup>\u00ae<\/sup> se compose de 12 SKILLSHIRTZ<sup>\u00ae<\/sup>.<\/span><\/li>\n<li style=\"font-weight: 400;\" aria-level=\"1\"><span style=\"font-weight: 400;\">Les SKILLSHIRTZ<sup>\u00ae<\/sup> sont disponibles en taille enfant (Junior |<\/span> <span style=\"font-weight: 400;\">confection 140-152<\/span><span style=\"font-weight: 400;\">) et en taille adulte (S\u00e9nior |<\/span> <span style=\"font-weight: 400;\">confection M-L<\/span><span style=\"font-weight: 400;\">).<\/span><\/li>\n<li style=\"font-weight: 400;\" aria-level=\"1\"><span style=\"font-weight: 400;\">Les SKILLSHIRTZ<sup>\u00ae<\/sup> sont num\u00e9rot\u00e9s de 1 \u00e0 12. La num\u00e9rotation est clairement visible sur la poitrine gauche et peut \u00eatre rapidement per\u00e7ue par les entra\u00eeneurs et les sportifs. Elle simplifie l&#8217;organisation et la mise en place des formes d&#8217;entra\u00eenement et aide \u00e0 trouver rapidement les diff\u00e9rents SKILLSHIRTZ<sup>\u00ae<\/sup>.<\/span><\/li>\n<li style=\"font-weight: 400;\" aria-level=\"1\"><span style=\"font-weight: 400;\">fabrication de haute qualit\u00e9<\/span><\/li>\n<li style=\"font-weight: 400;\" aria-level=\"1\"><span style=\"font-weight: 400;\">100% polyester <\/span><\/li>\n<li style=\"font-weight: 400;\" aria-level=\"1\"><span style=\"font-weight: 400;\">Couleurs : Bleu, rouge, jaune et vert<\/span><\/li>\n<\/ul>\n<p>&nbsp;<\/p>\n<p><b>Contenu de la livraison:<\/b><\/p>\n<ul>\n<li style=\"font-weight: 400;\" aria-level=\"1\"><span style=\"font-weight: 400;\">12 SKILLSHIRTZ<sup>\u00ae<\/sup> dans des combinaisons de couleurs individuelles<\/span><\/li>\n<li aria-level=\"1\">1 sachet SKILLSHIRTZ<span style=\"font-weight: 400;\"><sup>\u00ae<\/sup><\/span>.<\/li>\n<li style=\"font-weight: 400;\" aria-level=\"1\"><span style=\"font-weight: 400;\">Activation du paquet d&#8217;exercices de base SKILLSHIRTZ<sup>\u00ae<\/sup> (5 exercices de base en format vid\u00e9o avec des explications claires et compl\u00e8tes)<\/span><\/li>\n<\/ul>\n<p>&nbsp;<\/p>\n<p><strong>Impression:<\/strong><\/p>\n<p><span style=\"font-weight: 400;\">Pour un petit suppl\u00e9ment de 35,70\u20ac, nous vous livrons le set SKILLSHIRTZ<sup>\u00ae<\/sup> directement avec une impression offset premium unicolore noire avec le logo de votre sponsor. Pour plus d\u2019informations, cliquez <a href=\"http:\/\/www.skillshirtz.com\/sponsoring\">ici<\/a>.<\/span><\/p>\n<p><span style=\"font-weight: 400;\">Si vous avez pass\u00e9 une commande \u201cavec impression du sponsor\u201d, veuillez nous envoyer un e-mail en indiquant votre num\u00e9ro de commande et le logo de votre sponsor sous forme de fichier vectoriel \u00e0 <\/span><a href=\"mailto:office@brainskillz.eu\"><span style=\"font-weight: 400;\">office@skillshirtz.com<\/span><\/a><span style=\"font-weight: 400;\"><br \/>\n(format de fichier .svg, .eps ou. pdf)<\/span><\/p>\n","protected":false},"excerpt":{"rendered":"<p>12 Maillots d&#8217;entra\u00eenement SKILLSHIRTZ<span style=\"font-weight: 400;\"><sup>\u00ae<\/sup><\/span><span style=\"font-weight: 400;\"><sup><span style=\"font-size: 8pt;\"><br \/>\n<\/span><\/sup><\/span><\/p>\n","protected":false},"featured_media":2369,"comment_status":"closed","ping_status":"closed","template":"","meta":{"_acf_changed":false,"inline_featured_image":false},"product_cat":[62],"product_tag":[],"class_list":{"0":"post-4209","1":"product","2":"type-product","3":"status-publish","4":"has-post-thumbnail","6":"product_cat-skillshirtz-fr","8":"first","9":"instock","10":"shipping-taxable","11":"purchasable","12":"product-type-variable","13":"has-default-attributes"},"acf":{"mediathek_videos":true,"video_auswahl":[4037,4038,4039,4040,4041],"unterueberschift":""},"_links":{"self":[{"href":"https:\/\/www.skillshirtz.com\/fr\/wp-json\/wp\/v2\/product\/4209","targetHints":{"allow":["GET"]}}],"collection":[{"href":"https:\/\/www.skillshirtz.com\/fr\/wp-json\/wp\/v2\/product"}],"about":[{"href":"https:\/\/www.skillshirtz.com\/fr\/wp-json\/wp\/v2\/types\/product"}],"replies":[{"embeddable":true,"href":"https:\/\/www.skillshirtz.com\/fr\/wp-json\/wp\/v2\/comments?post=4209"}],"acf:post":[{"embeddable":true,"href":"https:\/\/www.skillshirtz.com\/fr\/wp-json\/wp\/v2\/mediavideos\/4041"},{"embeddable":true,"href":"https:\/\/www.skillshirtz.com\/fr\/wp-json\/wp\/v2\/mediavideos\/4040"},{"embeddable":true,"href":"https:\/\/www.skillshirtz.com\/fr\/wp-json\/wp\/v2\/mediavideos\/4039"},{"embeddable":true,"href":"https:\/\/www.skillshirtz.com\/fr\/wp-json\/wp\/v2\/mediavideos\/4038"},{"embeddable":true,"href":"https:\/\/www.skillshirtz.com\/fr\/wp-json\/wp\/v2\/mediavideos\/4037"}],"wp:featuredmedia":[{"embeddable":true,"href":"https:\/\/www.skillshirtz.com\/fr\/wp-json\/wp\/v2\/media\/2369"}],"wp:attachment":[{"href":"https:\/\/www.skillshirtz.com\/fr\/wp-json\/wp\/v2\/media?parent=4209"}],"wp:term":[{"taxonomy":"product_cat","embeddable":true,"href":"https:\/\/www.skillshirtz.com\/fr\/wp-json\/wp\/v2\/product_cat?post=4209"},{"taxonomy":"product_tag","embeddable":true,"href":"https:\/\/www.skillshirtz.com\/fr\/wp-json\/wp\/v2\/product_tag?post=4209"}],"curies":[{"name":"wp","href":"https:\/\/api.w.org\/{rel}","templated":true}]}}