{"id":4190,"date":"2022-02-03T15:43:11","date_gmt":"2022-02-03T14:43:11","guid":{"rendered":"https:\/\/www.skillshirtz.com\/produkt\/paquet-dexercices-jeux-de-capture-et-de-mouvement-skillshirtz-i\/"},"modified":"2022-11-01T15:30:17","modified_gmt":"2022-11-01T14:30:17","slug":"paquet-dexercices-skillshirtz-jeux-de-capture-et-de-mouvement1","status":"publish","type":"product","link":"https:\/\/www.skillshirtz.com\/fr\/produkt\/paquet-dexercices-skillshirtz-jeux-de-capture-et-de-mouvement1\/","title":{"rendered":"PAQUET D\u2019EXERCICES: JEUX DE CAPTURE ET DE MOUVEMENT SKILLSHIRTZ\u00ae I"},"content":{"rendered":"<p><b>Description:<\/b><\/p>\n<p><span style=\"font-weight: 400;\">Avec le paquet d&#8217;exercices SKILLSHIRTZ<sup>\u00ae<\/sup> Jeux de capture et de mouvement I, tu re\u00e7ois 5 <\/span><span style=\"font-weight: 400;\">exercices en format vid\u00e9o avec des explications claires et compl\u00e8tes. Les exercices seront activ\u00e9s dans ta m\u00e9diath\u00e8que et pourront ensuite \u00eatre consult\u00e9s \u00e0 tout moment. Parfait pour un \u00e9chauffement amusant et cognitif.<\/span><\/p>\n<p><b>D\u00e9tails:<\/b><\/p>\n<p>Disponible en allemand et en anglais (avec sous-titres fran\u00e7ais)<\/p>\n<p><span style=\"font-weight: 400;\">Avec le paquet d&#8217;exercices, tu re\u00e7ois les exercices SKILLSHIRTZ<sup>\u00ae<\/sup> suivants:<\/span><\/p>\n<ul>\n<li style=\"font-weight: 400;\" aria-level=\"1\"><span style=\"font-weight: 400;\">SKILLSHIRTZ<sup>\u00ae<\/sup> TicTacToe (jeu de mouvement)<\/span><\/li>\n<li style=\"font-weight: 400;\" aria-level=\"1\"><span style=\"font-weight: 400;\">SKILLSHIRTZ<sup>\u00ae<\/sup> Tricotage de cha\u00eenes (jeu de capture)<\/span><\/li>\n<li style=\"font-weight: 400;\" aria-level=\"1\">Duel \u00e0 4 (jeu de capture)<\/li>\n<li style=\"font-weight: 400;\" aria-level=\"1\"><span style=\"font-weight: 400;\">Dire un c\u00f4t\u00e9 &#8211; Couleurs Chasseur (jeu de mouvement)<\/span><\/li>\n<li style=\"font-weight: 400;\" aria-level=\"1\">6 vs. 6 Comp\u00e9tition de capture (Jeu de capture)<\/li>\n<\/ul>\n","protected":false},"excerpt":{"rendered":"<p>Paquet d&#8217;exercices avec 5 jeux de capture et de mouvement en format vid\u00e9o<\/p>\n","protected":false},"featured_media":4201,"comment_status":"open","ping_status":"closed","template":"","meta":{"_acf_changed":false,"inline_featured_image":false},"product_cat":[63],"product_tag":[],"class_list":{"0":"post-4190","1":"product","2":"type-product","3":"status-publish","4":"has-post-thumbnail","6":"product_cat-paquets-dexercices","8":"first","9":"instock","10":"virtual","11":"purchasable","12":"product-type-simple"},"acf":{"mediathek_videos":true,"video_auswahl":[4048,4049,4050,4051,4052],"unterueberschift":""},"_links":{"self":[{"href":"https:\/\/www.skillshirtz.com\/fr\/wp-json\/wp\/v2\/product\/4190","targetHints":{"allow":["GET"]}}],"collection":[{"href":"https:\/\/www.skillshirtz.com\/fr\/wp-json\/wp\/v2\/product"}],"about":[{"href":"https:\/\/www.skillshirtz.com\/fr\/wp-json\/wp\/v2\/types\/product"}],"replies":[{"embeddable":true,"href":"https:\/\/www.skillshirtz.com\/fr\/wp-json\/wp\/v2\/comments?post=4190"}],"acf:post":[{"embeddable":true,"href":"https:\/\/www.skillshirtz.com\/fr\/wp-json\/wp\/v2\/mediavideos\/4052"},{"embeddable":true,"href":"https:\/\/www.skillshirtz.com\/fr\/wp-json\/wp\/v2\/mediavideos\/4051"},{"embeddable":true,"href":"https:\/\/www.skillshirtz.com\/fr\/wp-json\/wp\/v2\/mediavideos\/4050"},{"embeddable":true,"href":"https:\/\/www.skillshirtz.com\/fr\/wp-json\/wp\/v2\/mediavideos\/4049"},{"embeddable":true,"href":"https:\/\/www.skillshirtz.com\/fr\/wp-json\/wp\/v2\/mediavideos\/4048"}],"wp:featuredmedia":[{"embeddable":true,"href":"https:\/\/www.skillshirtz.com\/fr\/wp-json\/wp\/v2\/media\/4201"}],"wp:attachment":[{"href":"https:\/\/www.skillshirtz.com\/fr\/wp-json\/wp\/v2\/media?parent=4190"}],"wp:term":[{"taxonomy":"product_cat","embeddable":true,"href":"https:\/\/www.skillshirtz.com\/fr\/wp-json\/wp\/v2\/product_cat?post=4190"},{"taxonomy":"product_tag","embeddable":true,"href":"https:\/\/www.skillshirtz.com\/fr\/wp-json\/wp\/v2\/product_tag?post=4190"}],"curies":[{"name":"wp","href":"https:\/\/api.w.org\/{rel}","templated":true}]}}