{"id":4188,"date":"2021-10-24T14:41:00","date_gmt":"2021-10-24T12:41:00","guid":{"rendered":"https:\/\/www.skillshirtz.com\/produkt\/paquet-dexercices-skillshirtz-base\/"},"modified":"2022-11-01T15:45:42","modified_gmt":"2022-11-01T14:45:42","slug":"paquet-dexercices-skillshirtz-base","status":"publish","type":"product","link":"https:\/\/www.skillshirtz.com\/fr\/produkt\/paquet-dexercices-skillshirtz-base\/","title":{"rendered":"PAQUET D\u2019EXERCICES: SKILLSHIRTZ\u00ae BASE"},"content":{"rendered":"<p><b>Description:<\/b><\/p>\n<p><span style=\"font-weight: 400;\">Avec le paquet d&#8217;exercices SKILLSHIRTZ<sup>\u00ae<\/sup> Base, tu re\u00e7ois 5 <\/span><span style=\"font-weight: 400;\">exercices de base en format vid\u00e9o avec des explications claires et compl\u00e8tes. Les exercices seront activ\u00e9s dans ta m\u00e9diath\u00e8que et pourront ensuite \u00eatre consult\u00e9s \u00e0 tout moment. Parfait pour commencer ta formation SKILLSHIRTZ<sup>\u00ae<\/sup>.<\/span><\/p>\n<p><b>D\u00e9tails:<\/b><\/p>\n<p>Disponible en allemand et en anglais (avec sous-titres fran\u00e7ais)<\/p>\n<p><span style=\"font-weight: 400;\">Avec le paquet d&#8217;exercices, tu re\u00e7ois les exercices SKILLSHIRTZ<sup>\u00ae<\/sup> suivants:<\/span><\/p>\n<ul>\n<li style=\"font-weight: 400;\" aria-level=\"1\"><span style=\"font-weight: 400;\">Forme de base en 5 vs. 5 + 2 sous forme de jeu)<\/span><\/li>\n<li style=\"font-weight: 400;\" aria-level=\"1\"><span style=\"font-weight: 400;\">Tournoi mixte SKILLSHIRTZ<sup>\u00ae<\/sup> en 5 vs. 5 + Gardien de but (forme de jeu)<\/span><\/li>\n<li style=\"font-weight: 400;\" aria-level=\"1\"><span style=\"font-weight: 400;\">SKILLSHIRTZ<sup>\u00ae<\/sup> ouvrent les goals (forme de jeu)<\/span><\/li>\n<li style=\"font-weight: 400;\" aria-level=\"1\"><span style=\"font-weight: 400;\">Chasse aux jumeaux (jeu de capture)<\/span><\/li>\n<li style=\"font-weight: 400;\" aria-level=\"1\"><span style=\"font-weight: 400;\">Point de ralliement (jeu de mouvement)<\/span><\/li>\n<\/ul>\n","protected":false},"excerpt":{"rendered":"<p>Paquet d&#8217;exercices avec 5 jeux de capture et de mouvement en format vid\u00e9o<\/p>\n","protected":false},"featured_media":4195,"comment_status":"open","ping_status":"closed","template":"","meta":{"_acf_changed":false,"inline_featured_image":false},"product_cat":[63],"product_tag":[],"class_list":{"0":"post-4188","1":"product","2":"type-product","3":"status-publish","4":"has-post-thumbnail","6":"product_cat-paquets-dexercices","8":"first","9":"instock","10":"virtual","11":"purchasable","12":"product-type-simple"},"acf":{"mediathek_videos":true,"video_auswahl":[4037,4039,4041,4040,4038],"unterueberschift":""},"_links":{"self":[{"href":"https:\/\/www.skillshirtz.com\/fr\/wp-json\/wp\/v2\/product\/4188","targetHints":{"allow":["GET"]}}],"collection":[{"href":"https:\/\/www.skillshirtz.com\/fr\/wp-json\/wp\/v2\/product"}],"about":[{"href":"https:\/\/www.skillshirtz.com\/fr\/wp-json\/wp\/v2\/types\/product"}],"replies":[{"embeddable":true,"href":"https:\/\/www.skillshirtz.com\/fr\/wp-json\/wp\/v2\/comments?post=4188"}],"acf:post":[{"embeddable":true,"href":"https:\/\/www.skillshirtz.com\/fr\/wp-json\/wp\/v2\/mediavideos\/4038"},{"embeddable":true,"href":"https:\/\/www.skillshirtz.com\/fr\/wp-json\/wp\/v2\/mediavideos\/4040"},{"embeddable":true,"href":"https:\/\/www.skillshirtz.com\/fr\/wp-json\/wp\/v2\/mediavideos\/4041"},{"embeddable":true,"href":"https:\/\/www.skillshirtz.com\/fr\/wp-json\/wp\/v2\/mediavideos\/4039"},{"embeddable":true,"href":"https:\/\/www.skillshirtz.com\/fr\/wp-json\/wp\/v2\/mediavideos\/4037"}],"wp:featuredmedia":[{"embeddable":true,"href":"https:\/\/www.skillshirtz.com\/fr\/wp-json\/wp\/v2\/media\/4195"}],"wp:attachment":[{"href":"https:\/\/www.skillshirtz.com\/fr\/wp-json\/wp\/v2\/media?parent=4188"}],"wp:term":[{"taxonomy":"product_cat","embeddable":true,"href":"https:\/\/www.skillshirtz.com\/fr\/wp-json\/wp\/v2\/product_cat?post=4188"},{"taxonomy":"product_tag","embeddable":true,"href":"https:\/\/www.skillshirtz.com\/fr\/wp-json\/wp\/v2\/product_tag?post=4188"}],"curies":[{"name":"wp","href":"https:\/\/api.w.org\/{rel}","templated":true}]}}