{"id":4150,"date":"2021-12-27T17:32:52","date_gmt":"2021-12-27T16:32:52","guid":{"rendered":"https:\/\/www.skillshirtz.com\/produkt\/skillshirt-piece-unique\/"},"modified":"2022-10-26T12:30:42","modified_gmt":"2022-10-26T10:30:42","slug":"skillshirt-piece-unique","status":"publish","type":"product","link":"https:\/\/www.skillshirtz.com\/fr\/produkt\/skillshirt-piece-unique\/","title":{"rendered":"SKILLSHIRT (pi\u00e8ce unique)"},"content":{"rendered":"<p><b>Description:<\/b><\/p>\n<p><span style=\"font-weight: 400;\">SKILLSHIRTZ<sup>\u00ae<\/sup> sont des maillots d&#8217;entra\u00eenement de diff\u00e9rentes couleurs, l&#8217;une pour la partie gauche et l&#8217;autre pour la partie droite du corps. Cette division permet de d\u00e9velopper des signaux de couleur directs ou indirects en relation avec ces couleurs et de les utiliser comme appel au mouvement ou \u00e0 l&#8217;action dans le cadre d&#8217;un processus d&#8217;entra\u00eenement cognitif. Un simple signal visuel ou sonore modifie la direction du jeu, l&#8217;appartenance \u00e0 une \u00e9quipe ou le rapport entre sup\u00e9riorit\u00e9 et inf\u00e9riorit\u00e9 num\u00e9rique.<\/span><\/p>\n<p><b>D\u00e9tails:<\/b><\/p>\n<ul>\n<li style=\"font-weight: 400;\" aria-level=\"1\"><span style=\"font-weight: 400;\">SKILLSHIRT individuelle pour r\u00e9organiser ou \u00e9largir votre SKILLSHIRTZ<sup>\u00ae<\/sup> Set<\/span><\/li>\n<li style=\"font-weight: 400;\" aria-level=\"1\"><span style=\"font-weight: 400;\">Les SKILLSHIRTZ<sup>\u00ae<\/sup> sont disponibles en taille enfant (Junior |<\/span> <span style=\"font-weight: 400;\">confection 140-152<\/span><span style=\"font-weight: 400;\">) et en taille adulte (S\u00e9nior |<\/span> <span style=\"font-weight: 400;\">confection M-L<\/span><span style=\"font-weight: 400;\">).<\/span><\/li>\n<li style=\"font-weight: 400;\" aria-level=\"1\"><span style=\"font-weight: 400;\">Les SKILLSHIRTZ<sup>\u00ae<\/sup> sont num\u00e9rot\u00e9s de 1 \u00e0 12. La num\u00e9rotation est clairement visible sur la poitrine gauche et peut \u00eatre rapidement per\u00e7ue par les entra\u00eeneurs et les sportifs. Elle simplifie l&#8217;organisation et la mise en place des formes d&#8217;entra\u00eenement et aide \u00e0 trouver rapidement les diff\u00e9rents SKILLSHIRTZ<sup>\u00ae<\/sup>.<\/span><\/li>\n<li style=\"font-weight: 400;\" aria-level=\"1\"><span style=\"font-weight: 400;\">fabrication de haute qualit\u00e9<\/span><\/li>\n<li style=\"font-weight: 400;\" aria-level=\"1\"><span style=\"font-weight: 400;\">100% polyester <\/span><\/li>\n<\/ul>\n","protected":false},"excerpt":{"rendered":"<p>1 maillot d&#8217;entra\u00eenement SKILLSHIRTZ<sup>\u00ae<\/sup><\/p>\n","protected":false},"featured_media":2375,"comment_status":"closed","ping_status":"closed","template":"","meta":{"_acf_changed":false,"inline_featured_image":false},"product_cat":[62],"product_tag":[],"class_list":{"0":"post-4150","1":"product","2":"type-product","3":"status-publish","4":"has-post-thumbnail","6":"product_cat-skillshirtz-fr","8":"first","9":"instock","10":"shipping-taxable","11":"purchasable","12":"product-type-variable","13":"has-default-attributes"},"acf":{"mediathek_videos":false,"video_auswahl":null,"unterueberschift":""},"_links":{"self":[{"href":"https:\/\/www.skillshirtz.com\/fr\/wp-json\/wp\/v2\/product\/4150","targetHints":{"allow":["GET"]}}],"collection":[{"href":"https:\/\/www.skillshirtz.com\/fr\/wp-json\/wp\/v2\/product"}],"about":[{"href":"https:\/\/www.skillshirtz.com\/fr\/wp-json\/wp\/v2\/types\/product"}],"replies":[{"embeddable":true,"href":"https:\/\/www.skillshirtz.com\/fr\/wp-json\/wp\/v2\/comments?post=4150"}],"wp:featuredmedia":[{"embeddable":true,"href":"https:\/\/www.skillshirtz.com\/fr\/wp-json\/wp\/v2\/media\/2375"}],"wp:attachment":[{"href":"https:\/\/www.skillshirtz.com\/fr\/wp-json\/wp\/v2\/media?parent=4150"}],"wp:term":[{"taxonomy":"product_cat","embeddable":true,"href":"https:\/\/www.skillshirtz.com\/fr\/wp-json\/wp\/v2\/product_cat?post=4150"},{"taxonomy":"product_tag","embeddable":true,"href":"https:\/\/www.skillshirtz.com\/fr\/wp-json\/wp\/v2\/product_tag?post=4150"}],"curies":[{"name":"wp","href":"https:\/\/api.w.org\/{rel}","templated":true}]}}