{"id":4204,"date":"2021-12-15T09:42:47","date_gmt":"2021-12-15T08:42:47","guid":{"rendered":"https:\/\/www.skillshirtz.com\/mentions-legales\/"},"modified":"2024-05-29T11:11:43","modified_gmt":"2024-05-29T09:11:43","slug":"mentions-legales","status":"publish","type":"page","link":"https:\/\/www.skillshirtz.com\/fr\/mentions-legales\/","title":{"rendered":"MENTIONS L\u00c9GALES"},"content":{"rendered":"\t\t<div data-elementor-type=\"wp-page\" data-elementor-id=\"4204\" class=\"elementor elementor-4204\" data-elementor-post-type=\"page\">\n\t\t\t\t\t\t<section class=\"elementor-section elementor-top-section elementor-element elementor-element-45565f7 elementor-section-boxed elementor-section-height-default elementor-section-height-default\" data-id=\"45565f7\" data-element_type=\"section\" data-settings=\"{&quot;jet_parallax_layout_list&quot;:[]}\">\n\t\t\t\t\t\t<div class=\"elementor-container elementor-column-gap-default\">\n\t\t\t\t\t<div class=\"elementor-column elementor-col-100 elementor-top-column elementor-element elementor-element-ec8cd56\" data-id=\"ec8cd56\" data-element_type=\"column\">\n\t\t\t<div class=\"elementor-widget-wrap elementor-element-populated\">\n\t\t\t\t\t\t<div class=\"elementor-element elementor-element-326be84 elementor-widget elementor-widget-heading\" data-id=\"326be84\" data-element_type=\"widget\" data-widget_type=\"heading.default\">\n\t\t\t\t<div class=\"elementor-widget-container\">\n\t\t\t<style>\/*! elementor - v3.22.0 - 17-06-2024 *\/\n.elementor-heading-title{padding:0;margin:0;line-height:1}.elementor-widget-heading .elementor-heading-title[class*=elementor-size-]>a{color:inherit;font-size:inherit;line-height:inherit}.elementor-widget-heading .elementor-heading-title.elementor-size-small{font-size:15px}.elementor-widget-heading .elementor-heading-title.elementor-size-medium{font-size:19px}.elementor-widget-heading .elementor-heading-title.elementor-size-large{font-size:29px}.elementor-widget-heading .elementor-heading-title.elementor-size-xl{font-size:39px}.elementor-widget-heading .elementor-heading-title.elementor-size-xxl{font-size:59px}<\/style><h2 class=\"elementor-heading-title elementor-size-default\">MENTIONS L\u00c9GALES<\/h2>\t\t<\/div>\n\t\t\t\t<\/div>\n\t\t\t\t<div class=\"elementor-element elementor-element-de20a46 elementor-widget elementor-widget-heading\" data-id=\"de20a46\" data-element_type=\"widget\" data-widget_type=\"heading.default\">\n\t\t\t\t<div class=\"elementor-widget-container\">\n\t\t\t<h2 class=\"elementor-heading-title elementor-size-default\">Informations conform\u00e9ment \u00e0 l'art. 5 German Telemedia Act (TMG)<\/h2>\t\t<\/div>\n\t\t\t\t<\/div>\n\t\t\t\t<div class=\"elementor-element elementor-element-65eb151 elementor-widget elementor-widget-text-editor\" data-id=\"65eb151\" data-element_type=\"widget\" data-widget_type=\"text-editor.default\">\n\t\t\t\t<div class=\"elementor-widget-container\">\n\t\t\t<style>\/*! elementor - v3.22.0 - 17-06-2024 *\/\n.elementor-widget-text-editor.elementor-drop-cap-view-stacked .elementor-drop-cap{background-color:#69727d;color:#fff}.elementor-widget-text-editor.elementor-drop-cap-view-framed .elementor-drop-cap{color:#69727d;border:3px solid;background-color:transparent}.elementor-widget-text-editor:not(.elementor-drop-cap-view-default) .elementor-drop-cap{margin-top:8px}.elementor-widget-text-editor:not(.elementor-drop-cap-view-default) .elementor-drop-cap-letter{width:1em;height:1em}.elementor-widget-text-editor .elementor-drop-cap{float:left;text-align:center;line-height:1;font-size:50px}.elementor-widget-text-editor .elementor-drop-cap-letter{display:inline-block}<\/style>\t\t\t\t<p>Brainskillz GmbH<br>Brooktorkai 7<br><span style=\"color: var( --e-global-color-text ); font-family: var( --e-global-typography-text-font-family ), Sans-serif; font-size: var( --e-global-typography-text-font-size ); font-weight: var( --e-global-typography-text-font-weight );\">Block X<br>20457 Hamburg<\/span><\/p>\n<p>Registre du commerce: HRB 168833<br>Cour d&#8217;enregistrement: Amtsgericht Hamburg<\/p>\n<p><strong>Repr\u00e9sent\u00e9 par:<\/strong><br>Jonas Struckmann<\/p>\t\t\t\t\t\t<\/div>\n\t\t\t\t<\/div>\n\t\t\t\t<div class=\"elementor-element elementor-element-773430d elementor-widget elementor-widget-heading\" data-id=\"773430d\" data-element_type=\"widget\" data-widget_type=\"heading.default\">\n\t\t\t\t<div class=\"elementor-widget-container\">\n\t\t\t<h2 class=\"elementor-heading-title elementor-size-default\">Contact<\/h2>\t\t<\/div>\n\t\t\t\t<\/div>\n\t\t\t\t<div class=\"elementor-element elementor-element-e8b3e89 elementor-widget elementor-widget-text-editor\" data-id=\"e8b3e89\" data-element_type=\"widget\" data-widget_type=\"text-editor.default\">\n\t\t\t\t<div class=\"elementor-widget-container\">\n\t\t\t\t\t\t\t<p>Telefon: 040\/55612420<br \/>E-Mail: office@skillshirtz.com<\/p>\n\t\t\t\t\t\t<\/div>\n\t\t\t\t<\/div>\n\t\t\t\t<div class=\"elementor-element elementor-element-c228d45 elementor-widget elementor-widget-heading\" data-id=\"c228d45\" data-element_type=\"widget\" data-widget_type=\"heading.default\">\n\t\t\t\t<div class=\"elementor-widget-container\">\n\t\t\t<h2 class=\"elementor-heading-title elementor-size-default\">Num\u00e9ro de TVA<\/h2>\t\t<\/div>\n\t\t\t\t<\/div>\n\t\t\t\t<div class=\"elementor-element elementor-element-5a6cb37 elementor-widget elementor-widget-text-editor\" data-id=\"5a6cb37\" data-element_type=\"widget\" data-widget_type=\"text-editor.default\">\n\t\t\t\t<div class=\"elementor-widget-container\">\n\t\t\t\t\t\t\t<p>Num\u00e9ro d&#8217;identification fiscale selon Sect. 27 a de la loi sur la taxe de vente : DE343793359<br \/>DE343793359<\/p>\n\t\t\t\t\t\t<\/div>\n\t\t\t\t<\/div>\n\t\t\t\t<div class=\"elementor-element elementor-element-3ad2080 elementor-widget elementor-widget-heading\" data-id=\"3ad2080\" data-element_type=\"widget\" data-widget_type=\"heading.default\">\n\t\t\t\t<div class=\"elementor-widget-container\">\n\t\t\t<h2 class=\"elementor-heading-title elementor-size-default\">R\u00e8glement des diff\u00e9rends de l'UE<\/h2>\t\t<\/div>\n\t\t\t\t<\/div>\n\t\t\t\t<div class=\"elementor-element elementor-element-a4ac982 elementor-widget elementor-widget-text-editor\" data-id=\"a4ac982\" data-element_type=\"widget\" data-widget_type=\"text-editor.default\">\n\t\t\t\t<div class=\"elementor-widget-container\">\n\t\t\t\t\t\t\t<p>La Commission europ\u00e9enne fournit une plate-forme de r\u00e9solution des litiges en ligne (ODR):<br \/><a href=\"https:\/\/ec.europa.eu\/consumers\/odr\/.\" target=\"_blank\" rel=\"noopener\">https:\/\/ec.europa.eu\/consumers\/odr\/.<\/a><br \/>Notre adresse e-mail se trouve ci-dessus dans les mentions l\u00e9gales.<\/p>\n\t\t\t\t\t\t<\/div>\n\t\t\t\t<\/div>\n\t\t\t\t<div class=\"elementor-element elementor-element-93535ea elementor-widget elementor-widget-heading\" data-id=\"93535ea\" data-element_type=\"widget\" data-widget_type=\"heading.default\">\n\t\t\t\t<div class=\"elementor-widget-container\">\n\t\t\t<h2 class=\"elementor-heading-title elementor-size-default\">R\u00e9solution des litiges de consommation \/ commission universelle d'arbitrage<\/h2>\t\t<\/div>\n\t\t\t\t<\/div>\n\t\t\t\t<div class=\"elementor-element elementor-element-1807814 elementor-widget elementor-widget-text-editor\" data-id=\"1807814\" data-element_type=\"widget\" data-widget_type=\"text-editor.default\">\n\t\t\t\t<div class=\"elementor-widget-container\">\n\t\t\t\t\t\t\t<p>Nous ne sommes pas dispos\u00e9s ou oblig\u00e9s de participer \u00e0 une proc\u00e9dure de<br \/>r\u00e8glement des litiges devant un consommateur conseil d&#8217;arbitrage.<\/p>\n\t\t\t\t\t\t<\/div>\n\t\t\t\t<\/div>\n\t\t\t\t\t<\/div>\n\t\t<\/div>\n\t\t\t\t\t<\/div>\n\t\t<\/section>\n\t\t\t\t<\/div>\n\t\t","protected":false},"excerpt":{"rendered":"<p>MENTIONS L\u00c9GALES Informations conform\u00e9ment \u00e0 l&#8217;art. 5 German Telemedia Act (TMG) Brainskillz GmbHBrooktorkai 7Block X20457 Hamburg Registre du commerce: HRB 168833Cour d&#8217;enregistrement: Amtsgericht Hamburg Repr\u00e9sent\u00e9 par:Jonas Struckmann Contact Telefon: 040\/55612420E-Mail: office@skillshirtz.com Num\u00e9ro de TVA Num\u00e9ro d&#8217;identification fiscale selon Sect. 27 a de la loi sur la taxe de vente : DE343793359DE343793359 R\u00e8glement des diff\u00e9rends de [&hellip;]<\/p>\n","protected":false},"author":1,"featured_media":0,"parent":0,"menu_order":0,"comment_status":"closed","ping_status":"closed","template":"","meta":{"_acf_changed":false,"inline_featured_image":false,"footnotes":""},"class_list":["post-4204","page","type-page","status-publish","hentry"],"acf":[],"_links":{"self":[{"href":"https:\/\/www.skillshirtz.com\/fr\/wp-json\/wp\/v2\/pages\/4204","targetHints":{"allow":["GET"]}}],"collection":[{"href":"https:\/\/www.skillshirtz.com\/fr\/wp-json\/wp\/v2\/pages"}],"about":[{"href":"https:\/\/www.skillshirtz.com\/fr\/wp-json\/wp\/v2\/types\/page"}],"author":[{"embeddable":true,"href":"https:\/\/www.skillshirtz.com\/fr\/wp-json\/wp\/v2\/users\/1"}],"replies":[{"embeddable":true,"href":"https:\/\/www.skillshirtz.com\/fr\/wp-json\/wp\/v2\/comments?post=4204"}],"version-history":[{"count":4,"href":"https:\/\/www.skillshirtz.com\/fr\/wp-json\/wp\/v2\/pages\/4204\/revisions"}],"predecessor-version":[{"id":5573,"href":"https:\/\/www.skillshirtz.com\/fr\/wp-json\/wp\/v2\/pages\/4204\/revisions\/5573"}],"wp:attachment":[{"href":"https:\/\/www.skillshirtz.com\/fr\/wp-json\/wp\/v2\/media?parent=4204"}],"curies":[{"name":"wp","href":"https:\/\/api.w.org\/{rel}","templated":true}]}}