{"id":2973,"date":"2021-10-22T17:35:34","date_gmt":"2021-10-22T15:35:34","guid":{"rendered":"https:\/\/www.skillshirtz.com\/boutique\/"},"modified":"2022-06-24T12:18:26","modified_gmt":"2022-06-24T10:18:26","slug":"boutique","status":"publish","type":"page","link":"https:\/\/www.skillshirtz.com\/fr\/boutique\/","title":{"rendered":"BOUTIQUE"},"content":{"rendered":"\t\t<div data-elementor-type=\"wp-page\" data-elementor-id=\"2973\" class=\"elementor elementor-2973\" data-elementor-post-type=\"page\">\n\t\t\t\t\t\t<section class=\"elementor-section elementor-top-section elementor-element elementor-element-53ea52f elementor-section-full_width elementor-section-height-full elementor-section-height-default elementor-section-items-middle\" data-id=\"53ea52f\" data-element_type=\"section\" data-settings=\"{&quot;background_background&quot;:&quot;classic&quot;,&quot;jet_parallax_layout_list&quot;:[]}\">\n\t\t\t\t\t\t<div class=\"elementor-container elementor-column-gap-default\">\n\t\t\t\t\t<div class=\"elementor-column elementor-col-100 elementor-top-column elementor-element elementor-element-e052309\" data-id=\"e052309\" data-element_type=\"column\">\n\t\t\t<div class=\"elementor-widget-wrap elementor-element-populated\">\n\t\t\t\t\t\t<div class=\"elementor-element elementor-element-deed4d5 elementor-widget elementor-widget-heading\" data-id=\"deed4d5\" data-element_type=\"widget\" data-widget_type=\"heading.default\">\n\t\t\t\t<div class=\"elementor-widget-container\">\n\t\t\t<style>\/*! elementor - v3.22.0 - 17-06-2024 *\/\n.elementor-heading-title{padding:0;margin:0;line-height:1}.elementor-widget-heading .elementor-heading-title[class*=elementor-size-]>a{color:inherit;font-size:inherit;line-height:inherit}.elementor-widget-heading .elementor-heading-title.elementor-size-small{font-size:15px}.elementor-widget-heading .elementor-heading-title.elementor-size-medium{font-size:19px}.elementor-widget-heading .elementor-heading-title.elementor-size-large{font-size:29px}.elementor-widget-heading .elementor-heading-title.elementor-size-xl{font-size:39px}.elementor-widget-heading .elementor-heading-title.elementor-size-xxl{font-size:59px}<\/style><h2 class=\"elementor-heading-title elementor-size-default\">OBTENEZ VOTRE NOUVEAU <br> SKILLSHIRTZ SET<\/h2>\t\t<\/div>\n\t\t\t\t<\/div>\n\t\t\t\t\t<\/div>\n\t\t<\/div>\n\t\t\t\t\t<\/div>\n\t\t<\/section>\n\t\t\t\t<section class=\"elementor-section elementor-top-section elementor-element elementor-element-e7da5a4 elementor-section-boxed elementor-section-height-default elementor-section-height-default\" data-id=\"e7da5a4\" data-element_type=\"section\" data-settings=\"{&quot;jet_parallax_layout_list&quot;:[]}\">\n\t\t\t\t\t\t<div class=\"elementor-container elementor-column-gap-default\">\n\t\t\t\t\t<div class=\"elementor-column elementor-col-50 elementor-top-column elementor-element elementor-element-aef8f5d\" data-id=\"aef8f5d\" data-element_type=\"column\">\n\t\t\t<div class=\"elementor-widget-wrap elementor-element-populated\">\n\t\t\t\t\t\t<div class=\"elementor-element elementor-element-fa43abc elementor-widget elementor-widget-heading\" data-id=\"fa43abc\" data-element_type=\"widget\" data-widget_type=\"heading.default\">\n\t\t\t\t<div class=\"elementor-widget-container\">\n\t\t\t<h2 class=\"elementor-heading-title elementor-size-default\">Cat\u00e9gories<\/h2>\t\t<\/div>\n\t\t\t\t<\/div>\n\t\t\t\t<div class=\"elementor-element elementor-element-d6319d3 elementor-grid-1 elementor-grid-mobile-2 elementor-grid-tablet-2 elementor-widget elementor-widget-pp-categories\" data-id=\"d6319d3\" data-element_type=\"widget\" data-settings=\"{&quot;columns&quot;:&quot;1&quot;,&quot;columns_mobile&quot;:&quot;2&quot;,&quot;layout&quot;:&quot;grid&quot;,&quot;columns_tablet&quot;:&quot;2&quot;}\" data-widget_type=\"pp-categories.default\">\n\t\t\t\t<div class=\"elementor-widget-container\">\n\t\t\t\t\t<div class=\"pp-categories pp-categories-grid pp-categories-classic\">\n\t\t\t<div class=\"elementor-grid\">\n\t\t\t\t\t\t\t\t\t\t\t<div class=\"pp-category pp-grid-item elementor-grid-item\" id=\"pp-cat-62\">\n\t\t\t\t\t\t\t\t<a href=\"https:\/\/www.skillshirtz.com\/fr\/produkte\/skillshirtz-fr\/\" class=\"pp-category-link\">\n\t\t\t\t\t\t\t\t\t\t\t<div class=\"pp-category-inner\">\n\t\t\t\t\t\t<div class=\"pp-category-content\">\n\t\t\t\t<div class=\"pp-category-title\">SKILLSHIRTZ<\/div>\t\t\t<\/div>\n\t\t<\/div>\n\t\t\t\t\t\t\t\t\t\t<\/a>\n\t\t\t\t\t\t\t<\/div>\n\t\t\t\t\t\t\t\t\t\t\t\t\t\t<div class=\"pp-category pp-grid-item elementor-grid-item\" id=\"pp-cat-63\">\n\t\t\t\t\t\t\t\t<a href=\"https:\/\/www.skillshirtz.com\/fr\/produkte\/paquets-dexercices\/\" class=\"pp-category-link\">\n\t\t\t\t\t\t\t\t\t\t\t<div class=\"pp-category-inner\">\n\t\t\t\t\t\t<div class=\"pp-category-content\">\n\t\t\t\t<div class=\"pp-category-title\">Paquets d&#039;exercices<\/div>\t\t\t<\/div>\n\t\t<\/div>\n\t\t\t\t\t\t\t\t\t\t<\/a>\n\t\t\t\t\t\t\t<\/div>\n\t\t\t\t\t\t\t\t\t\t<\/div>\n\t\t\t\t\t<\/div>\n\t\t\t\t<\/div>\n\t\t\t\t<\/div>\n\t\t\t\t\t<\/div>\n\t\t<\/div>\n\t\t\t\t<div class=\"elementor-column elementor-col-50 elementor-top-column elementor-element elementor-element-2ad9f03\" data-id=\"2ad9f03\" data-element_type=\"column\">\n\t\t\t<div class=\"elementor-widget-wrap elementor-element-populated\">\n\t\t\t\t\t\t<div class=\"elementor-element elementor-element-94057de elementor-grid-3 elementor-grid-mobile-2 elementor-grid-tablet-3 pp-woo--align-left pp-sale-badge-custom elementor-widget elementor-widget-pp-woo-products\" data-id=\"94057de\" data-element_type=\"widget\" data-settings=\"{&quot;products_columns&quot;:&quot;3&quot;,&quot;products_columns_mobile&quot;:&quot;2&quot;,&quot;products_columns_tablet&quot;:&quot;3&quot;}\" data-widget_type=\"pp-woo-products.skin-1\">\n\t\t\t\t<div class=\"elementor-widget-container\">\n\t\t\t<div class=\"pp-woocommerce pp-woo-products-grid pp-woo-skin-skin-1 pp-woo-query-all\" data-page=\"2973\" data-skin=\"skin-1\" data-product-id=\"0\"><div class=\" columns-3 pp-woo-products-inner pp-woo-product__column-3 pp-woo-product__column-tablet-3 pp-woo-product__column-mobile-2\"><ul class=\"products elementor-grid columns-3\">\n<li class=\"elementor-grid-item post-4209 product type-product status-publish has-post-thumbnail product_cat-skillshirtz-fr  instock shipping-taxable purchasable product-type-variable has-default-attributes\">\r\n\t<div class=\"pp-woo-product-wrapper\">\r\n\t\t<div class=\"pp-woo-products-thumbnail-wrap\"><div class=\"pp-badge-container pp-left-badge-container\"><\/div><a href=\"https:\/\/www.skillshirtz.com\/fr\/produkt\/skillshirtz-set\/\" class=\"woocommerce-LoopProduct-link woocommerce-loop-product__link\"><img fetchpriority=\"high\" decoding=\"async\" width=\"300\" height=\"300\" src=\"https:\/\/www.skillshirtz.com\/wp-content\/uploads\/2021\/10\/Shop_Foto_Skilshirtz-300x300.jpg\" class=\"attachment-woocommerce_thumbnail size-woocommerce_thumbnail\" alt=\"\" srcset=\"https:\/\/www.skillshirtz.com\/wp-content\/uploads\/2021\/10\/Shop_Foto_Skilshirtz-300x300.jpg 300w, https:\/\/www.skillshirtz.com\/wp-content\/uploads\/2021\/10\/Shop_Foto_Skilshirtz-100x100.jpg 100w, https:\/\/www.skillshirtz.com\/wp-content\/uploads\/2021\/10\/Shop_Foto_Skilshirtz-600x600.jpg 600w, https:\/\/www.skillshirtz.com\/wp-content\/uploads\/2021\/10\/Shop_Foto_Skilshirtz-1024x1024.jpg 1024w, https:\/\/www.skillshirtz.com\/wp-content\/uploads\/2021\/10\/Shop_Foto_Skilshirtz-150x150.jpg 150w, https:\/\/www.skillshirtz.com\/wp-content\/uploads\/2021\/10\/Shop_Foto_Skilshirtz-768x768.jpg 768w, https:\/\/www.skillshirtz.com\/wp-content\/uploads\/2021\/10\/Shop_Foto_Skilshirtz-1536x1536.jpg 1536w, https:\/\/www.skillshirtz.com\/wp-content\/uploads\/2021\/10\/Shop_Foto_Skilshirtz.jpg 2000w\" sizes=\"(max-width: 300px) 100vw, 300px\" \/><\/a><\/div><div class=\"pp-woo-products-summary-wrap\"><a href=\"https:\/\/www.skillshirtz.com\/fr\/produkt\/skillshirtz-set\/\" class=\"pp-loop-product__link\"><h2 class=\"woocommerce-loop-product__title\">SKILLSHIRTZ\u00ae Set<\/h2><\/a>\n\t<span class=\"price\"> \u00c0 partir de <span class=\"woocommerce-Price-amount amount\"><bdi>194,00&nbsp;<span class=\"woocommerce-Price-currencySymbol\">&euro;<\/span><\/bdi><\/span><\/span>\n<div class=\"pp-woo-products-description\">12 Maillots d'entra\u00eenement SKILLSHIRTZ<span style=\"font-weight: 400\"><sup>\u00ae<\/sup><\/span><span style=\"font-weight: 400\"><sup><span style=\"font-size: 8pt\">\r\n<\/span><\/sup><\/span><\/div><\/div>\t<\/div>\r\n<\/li>\r\n<li class=\"elementor-grid-item post-4150 product type-product status-publish has-post-thumbnail product_cat-skillshirtz-fr first instock shipping-taxable purchasable product-type-variable has-default-attributes\">\r\n\t<div class=\"pp-woo-product-wrapper\">\r\n\t\t<div class=\"pp-woo-products-thumbnail-wrap\"><div class=\"pp-badge-container pp-left-badge-container\"><\/div><a href=\"https:\/\/www.skillshirtz.com\/fr\/produkt\/skillshirt-piece-unique\/\" class=\"woocommerce-LoopProduct-link woocommerce-loop-product__link\"><img decoding=\"async\" width=\"300\" height=\"300\" src=\"https:\/\/www.skillshirtz.com\/wp-content\/uploads\/2021\/12\/skillshirt_einzelnd_rot_gruen-300x300.jpg\" class=\"attachment-woocommerce_thumbnail size-woocommerce_thumbnail\" alt=\"\" srcset=\"https:\/\/www.skillshirtz.com\/wp-content\/uploads\/2021\/12\/skillshirt_einzelnd_rot_gruen-300x300.jpg 300w, https:\/\/www.skillshirtz.com\/wp-content\/uploads\/2021\/12\/skillshirt_einzelnd_rot_gruen-100x100.jpg 100w, https:\/\/www.skillshirtz.com\/wp-content\/uploads\/2021\/12\/skillshirt_einzelnd_rot_gruen-600x600.jpg 600w, https:\/\/www.skillshirtz.com\/wp-content\/uploads\/2021\/12\/skillshirt_einzelnd_rot_gruen-1024x1024.jpg 1024w, https:\/\/www.skillshirtz.com\/wp-content\/uploads\/2021\/12\/skillshirt_einzelnd_rot_gruen-150x150.jpg 150w, https:\/\/www.skillshirtz.com\/wp-content\/uploads\/2021\/12\/skillshirt_einzelnd_rot_gruen-768x768.jpg 768w, https:\/\/www.skillshirtz.com\/wp-content\/uploads\/2021\/12\/skillshirt_einzelnd_rot_gruen-1536x1536.jpg 1536w, https:\/\/www.skillshirtz.com\/wp-content\/uploads\/2021\/12\/skillshirt_einzelnd_rot_gruen.jpg 2000w\" sizes=\"(max-width: 300px) 100vw, 300px\" \/><\/a><\/div><div class=\"pp-woo-products-summary-wrap\"><a href=\"https:\/\/www.skillshirtz.com\/fr\/produkt\/skillshirt-piece-unique\/\" class=\"pp-loop-product__link\"><h2 class=\"woocommerce-loop-product__title\">SKILLSHIRT (pi\u00e8ce unique)<\/h2><\/a>\n\t<span class=\"price\"><span class=\"woocommerce-Price-amount amount\"><bdi>21,00&nbsp;<span class=\"woocommerce-Price-currencySymbol\">&euro;<\/span><\/bdi><\/span><\/span>\n<div class=\"pp-woo-products-description\">1 maillot d'entra\u00eenement SKILLSHIRTZ<sup>\u00ae<\/sup><\/div><\/div>\t<\/div>\r\n<\/li>\r\n<li class=\"elementor-grid-item post-4175 product type-product status-publish has-post-thumbnail product_cat-skillshirtz-fr last instock shipping-taxable purchasable product-type-variable has-default-attributes\">\r\n\t<div class=\"pp-woo-product-wrapper\">\r\n\t\t<div class=\"pp-woo-products-thumbnail-wrap\"><div class=\"pp-badge-container pp-left-badge-container\"><\/div><a href=\"https:\/\/www.skillshirtz.com\/fr\/produkt\/skillshirt-2-0-piece-unique\/\" class=\"woocommerce-LoopProduct-link woocommerce-loop-product__link\"><img decoding=\"async\" width=\"300\" height=\"300\" src=\"https:\/\/www.skillshirtz.com\/wp-content\/uploads\/2021\/12\/skillshirt_einzelnd_rot_weiss-300x300.jpg\" class=\"attachment-woocommerce_thumbnail size-woocommerce_thumbnail\" alt=\"\" srcset=\"https:\/\/www.skillshirtz.com\/wp-content\/uploads\/2021\/12\/skillshirt_einzelnd_rot_weiss-300x300.jpg 300w, https:\/\/www.skillshirtz.com\/wp-content\/uploads\/2021\/12\/skillshirt_einzelnd_rot_weiss-100x100.jpg 100w, https:\/\/www.skillshirtz.com\/wp-content\/uploads\/2021\/12\/skillshirt_einzelnd_rot_weiss-600x600.jpg 600w, https:\/\/www.skillshirtz.com\/wp-content\/uploads\/2021\/12\/skillshirt_einzelnd_rot_weiss-1024x1024.jpg 1024w, https:\/\/www.skillshirtz.com\/wp-content\/uploads\/2021\/12\/skillshirt_einzelnd_rot_weiss-150x150.jpg 150w, https:\/\/www.skillshirtz.com\/wp-content\/uploads\/2021\/12\/skillshirt_einzelnd_rot_weiss-768x768.jpg 768w, https:\/\/www.skillshirtz.com\/wp-content\/uploads\/2021\/12\/skillshirt_einzelnd_rot_weiss-1536x1536.jpg 1536w, https:\/\/www.skillshirtz.com\/wp-content\/uploads\/2021\/12\/skillshirt_einzelnd_rot_weiss.jpg 2000w\" sizes=\"(max-width: 300px) 100vw, 300px\" \/><\/a><\/div><div class=\"pp-woo-products-summary-wrap\"><a href=\"https:\/\/www.skillshirtz.com\/fr\/produkt\/skillshirt-2-0-piece-unique\/\" class=\"pp-loop-product__link\"><h2 class=\"woocommerce-loop-product__title\">SKILLSHIRT 2.0 (pi\u00e8ce unique)<\/h2><\/a>\n\t<span class=\"price\"><span class=\"woocommerce-Price-amount amount\"><bdi>21,00&nbsp;<span class=\"woocommerce-Price-currencySymbol\">&euro;<\/span><\/bdi><\/span><\/span>\n<div class=\"pp-woo-products-description\">1 maillot d'entra\u00eenement SKILLSHIRTZ<sup>\u00ae<\/sup><\/div><\/div>\t<\/div>\r\n<\/li>\r\n<li class=\"elementor-grid-item post-4189 product type-product status-publish has-post-thumbnail product_cat-paquets-dexercices  instock virtual purchasable product-type-simple\">\r\n\t<div class=\"pp-woo-product-wrapper\">\r\n\t\t<div class=\"pp-woo-products-thumbnail-wrap\"><div class=\"pp-badge-container pp-left-badge-container\"><\/div><a href=\"https:\/\/www.skillshirtz.com\/fr\/produkt\/paquet-dexercices-skillshirtz-formes-de-jeu1\/\" class=\"woocommerce-LoopProduct-link woocommerce-loop-product__link\"><img loading=\"lazy\" decoding=\"async\" width=\"300\" height=\"300\" src=\"https:\/\/www.skillshirtz.com\/wp-content\/uploads\/2022\/02\/Cover_spielformen_fr-300x300.png\" class=\"attachment-woocommerce_thumbnail size-woocommerce_thumbnail\" alt=\"\" srcset=\"https:\/\/www.skillshirtz.com\/wp-content\/uploads\/2022\/02\/Cover_spielformen_fr-300x300.png 300w, https:\/\/www.skillshirtz.com\/wp-content\/uploads\/2022\/02\/Cover_spielformen_fr-1024x1024.png 1024w, https:\/\/www.skillshirtz.com\/wp-content\/uploads\/2022\/02\/Cover_spielformen_fr-150x150.png 150w, https:\/\/www.skillshirtz.com\/wp-content\/uploads\/2022\/02\/Cover_spielformen_fr-768x768.png 768w, https:\/\/www.skillshirtz.com\/wp-content\/uploads\/2022\/02\/Cover_spielformen_fr-1536x1536.png 1536w, https:\/\/www.skillshirtz.com\/wp-content\/uploads\/2022\/02\/Cover_spielformen_fr-2048x2048.png 2048w, https:\/\/www.skillshirtz.com\/wp-content\/uploads\/2022\/02\/Cover_spielformen_fr-600x600.png 600w, https:\/\/www.skillshirtz.com\/wp-content\/uploads\/2022\/02\/Cover_spielformen_fr-100x100.png 100w\" sizes=\"(max-width: 300px) 100vw, 300px\" \/><\/a><\/div><div class=\"pp-woo-products-summary-wrap\"><a href=\"https:\/\/www.skillshirtz.com\/fr\/produkt\/paquet-dexercices-skillshirtz-formes-de-jeu1\/\" class=\"pp-loop-product__link\"><h2 class=\"woocommerce-loop-product__title\">PAQUET D\u2019EXERCICES : SKILLSHIRTZ\u00ae FORMES DE JEU I<\/h2><\/a>\n\t<span class=\"price\"><span class=\"woocommerce-Price-amount amount\"><bdi>6,99&nbsp;<span class=\"woocommerce-Price-currencySymbol\">&euro;<\/span><\/bdi><\/span><\/span>\n<div class=\"pp-woo-products-description\">Paquet d'exercices avec 6 formes de jeux en format vid\u00e9o<\/div><\/div>\t<\/div>\r\n<\/li>\r\n<li class=\"elementor-grid-item post-4188 product type-product status-publish has-post-thumbnail product_cat-paquets-dexercices first instock virtual purchasable product-type-simple\">\r\n\t<div class=\"pp-woo-product-wrapper\">\r\n\t\t<div class=\"pp-woo-products-thumbnail-wrap\"><div class=\"pp-badge-container pp-left-badge-container\"><\/div><a href=\"https:\/\/www.skillshirtz.com\/fr\/produkt\/paquet-dexercices-skillshirtz-base\/\" class=\"woocommerce-LoopProduct-link woocommerce-loop-product__link\"><img loading=\"lazy\" decoding=\"async\" width=\"300\" height=\"300\" src=\"https:\/\/www.skillshirtz.com\/wp-content\/uploads\/2021\/10\/Cover_Base_fr-300x300.png\" class=\"attachment-woocommerce_thumbnail size-woocommerce_thumbnail\" alt=\"\" srcset=\"https:\/\/www.skillshirtz.com\/wp-content\/uploads\/2021\/10\/Cover_Base_fr-300x300.png 300w, https:\/\/www.skillshirtz.com\/wp-content\/uploads\/2021\/10\/Cover_Base_fr-1024x1024.png 1024w, https:\/\/www.skillshirtz.com\/wp-content\/uploads\/2021\/10\/Cover_Base_fr-150x150.png 150w, https:\/\/www.skillshirtz.com\/wp-content\/uploads\/2021\/10\/Cover_Base_fr-768x768.png 768w, https:\/\/www.skillshirtz.com\/wp-content\/uploads\/2021\/10\/Cover_Base_fr-1536x1536.png 1536w, https:\/\/www.skillshirtz.com\/wp-content\/uploads\/2021\/10\/Cover_Base_fr-2048x2048.png 2048w, https:\/\/www.skillshirtz.com\/wp-content\/uploads\/2021\/10\/Cover_Base_fr-600x600.png 600w, https:\/\/www.skillshirtz.com\/wp-content\/uploads\/2021\/10\/Cover_Base_fr-100x100.png 100w\" sizes=\"(max-width: 300px) 100vw, 300px\" \/><\/a><\/div><div class=\"pp-woo-products-summary-wrap\"><a href=\"https:\/\/www.skillshirtz.com\/fr\/produkt\/paquet-dexercices-skillshirtz-base\/\" class=\"pp-loop-product__link\"><h2 class=\"woocommerce-loop-product__title\">PAQUET D\u2019EXERCICES: SKILLSHIRTZ\u00ae BASE<\/h2><\/a>\n\t<span class=\"price\"><span class=\"woocommerce-Price-amount amount\"><bdi>6,99&nbsp;<span class=\"woocommerce-Price-currencySymbol\">&euro;<\/span><\/bdi><\/span><\/span>\n<div class=\"pp-woo-products-description\">Paquet d'exercices avec 5 jeux de capture et de mouvement en format vid\u00e9o<\/div><\/div>\t<\/div>\r\n<\/li>\r\n<li class=\"elementor-grid-item post-4190 product type-product status-publish has-post-thumbnail product_cat-paquets-dexercices last instock virtual purchasable product-type-simple\">\r\n\t<div class=\"pp-woo-product-wrapper\">\r\n\t\t<div class=\"pp-woo-products-thumbnail-wrap\"><div class=\"pp-badge-container pp-left-badge-container\"><\/div><a href=\"https:\/\/www.skillshirtz.com\/fr\/produkt\/paquet-dexercices-skillshirtz-jeux-de-capture-et-de-mouvement1\/\" class=\"woocommerce-LoopProduct-link woocommerce-loop-product__link\"><img loading=\"lazy\" decoding=\"async\" width=\"300\" height=\"300\" src=\"https:\/\/www.skillshirtz.com\/wp-content\/uploads\/2022\/02\/Cover_FUB_fr-300x300.png\" class=\"attachment-woocommerce_thumbnail size-woocommerce_thumbnail\" alt=\"\" srcset=\"https:\/\/www.skillshirtz.com\/wp-content\/uploads\/2022\/02\/Cover_FUB_fr-300x300.png 300w, https:\/\/www.skillshirtz.com\/wp-content\/uploads\/2022\/02\/Cover_FUB_fr-1024x1024.png 1024w, https:\/\/www.skillshirtz.com\/wp-content\/uploads\/2022\/02\/Cover_FUB_fr-150x150.png 150w, https:\/\/www.skillshirtz.com\/wp-content\/uploads\/2022\/02\/Cover_FUB_fr-768x768.png 768w, https:\/\/www.skillshirtz.com\/wp-content\/uploads\/2022\/02\/Cover_FUB_fr-1536x1536.png 1536w, https:\/\/www.skillshirtz.com\/wp-content\/uploads\/2022\/02\/Cover_FUB_fr-2048x2048.png 2048w, https:\/\/www.skillshirtz.com\/wp-content\/uploads\/2022\/02\/Cover_FUB_fr-600x600.png 600w, https:\/\/www.skillshirtz.com\/wp-content\/uploads\/2022\/02\/Cover_FUB_fr-100x100.png 100w\" sizes=\"(max-width: 300px) 100vw, 300px\" \/><\/a><\/div><div class=\"pp-woo-products-summary-wrap\"><a href=\"https:\/\/www.skillshirtz.com\/fr\/produkt\/paquet-dexercices-skillshirtz-jeux-de-capture-et-de-mouvement1\/\" class=\"pp-loop-product__link\"><h2 class=\"woocommerce-loop-product__title\">PAQUET D\u2019EXERCICES: JEUX DE CAPTURE ET DE MOUVEMENT SKILLSHIRTZ\u00ae I<\/h2><\/a>\n\t<span class=\"price\"><span class=\"woocommerce-Price-amount amount\"><bdi>6,99&nbsp;<span class=\"woocommerce-Price-currencySymbol\">&euro;<\/span><\/bdi><\/span><\/span>\n<div class=\"pp-woo-products-description\">Paquet d'exercices avec 5 jeux de capture et de mouvement en format vid\u00e9o<\/div><\/div>\t<\/div>\r\n<\/li>\r\n<\/ul>\n<\/div><\/div>\t\t<\/div>\n\t\t\t\t<\/div>\n\t\t\t\t\t<\/div>\n\t\t<\/div>\n\t\t\t\t\t<\/div>\n\t\t<\/section>\n\t\t\t\t<\/div>\n\t\t","protected":false},"excerpt":{"rendered":"<p>OBTENEZ VOTRE NOUVEAU SKILLSHIRTZ SET Cat\u00e9gories SKILLSHIRTZ\u00ae Set 194,00&nbsp;&euro; 12 Trainingsleibchen SKILLSHIRTZ\u00ae SKILLSHIRTZ\u00ae Set 2.0 194,00&nbsp;&euro; 12 Trainingsleibchen SKILLSHIRTZ\u00ae SKILLSHIRT (Einzelteil) 21,00&nbsp;&euro; 1 Trainingsleibchen SKILLSHIRTZ\u00ae SKILLSHIRT 2.0 (Einzelteil) 21,00&nbsp;&euro; 1 Trainingsleibchen SKILLSHIRTZ\u00ae Seminar: SKILLSHIRTZ\u00ae Basisform 29,99&nbsp;&euro; 30 Minuten Online Seminar inkl. praktischer \u00dcbersichten \u00dcbungspaket: SKILLSHIRTZ\u00ae Basis 6,99&nbsp;&euro; \u00dcbungspaket mit 5 grundlegenden \u00dcbungen im Videoformat \u00dcbungspaket: [&hellip;]<\/p>\n","protected":false},"author":1,"featured_media":0,"parent":0,"menu_order":0,"comment_status":"closed","ping_status":"closed","template":"","meta":{"_acf_changed":false,"inline_featured_image":false,"footnotes":""},"class_list":["post-2973","page","type-page","status-publish","hentry"],"acf":[],"_links":{"self":[{"href":"https:\/\/www.skillshirtz.com\/fr\/wp-json\/wp\/v2\/pages\/2973","targetHints":{"allow":["GET"]}}],"collection":[{"href":"https:\/\/www.skillshirtz.com\/fr\/wp-json\/wp\/v2\/pages"}],"about":[{"href":"https:\/\/www.skillshirtz.com\/fr\/wp-json\/wp\/v2\/types\/page"}],"author":[{"embeddable":true,"href":"https:\/\/www.skillshirtz.com\/fr\/wp-json\/wp\/v2\/users\/1"}],"replies":[{"embeddable":true,"href":"https:\/\/www.skillshirtz.com\/fr\/wp-json\/wp\/v2\/comments?post=2973"}],"version-history":[{"count":6,"href":"https:\/\/www.skillshirtz.com\/fr\/wp-json\/wp\/v2\/pages\/2973\/revisions"}],"predecessor-version":[{"id":2979,"href":"https:\/\/www.skillshirtz.com\/fr\/wp-json\/wp\/v2\/pages\/2973\/revisions\/2979"}],"wp:attachment":[{"href":"https:\/\/www.skillshirtz.com\/fr\/wp-json\/wp\/v2\/media?parent=2973"}],"curies":[{"name":"wp","href":"https:\/\/api.w.org\/{rel}","templated":true}]}}