{"id":2970,"date":"2021-11-29T13:49:02","date_gmt":"2021-11-29T12:49:02","guid":{"rendered":"https:\/\/www.skillshirtz.com\/skillshirtz\/skillshirtz-methodologie\/"},"modified":"2022-09-26T18:13:13","modified_gmt":"2022-09-26T16:13:13","slug":"skillshirtz-methodologie","status":"publish","type":"page","link":"https:\/\/www.skillshirtz.com\/fr\/skillshirtz\/skillshirtz-methodologie\/","title":{"rendered":"Skillshirtz M\u00c9THODOLOGIE"},"content":{"rendered":"\t\t<div data-elementor-type=\"wp-page\" data-elementor-id=\"2970\" class=\"elementor elementor-2970\" data-elementor-post-type=\"page\">\n\t\t\t\t\t\t<section class=\"elementor-section elementor-top-section elementor-element elementor-element-1b79912 elementor-section-boxed elementor-section-height-default elementor-section-height-default\" data-id=\"1b79912\" data-element_type=\"section\" data-settings=\"{&quot;jet_parallax_layout_list&quot;:[]}\">\n\t\t\t\t\t\t<div class=\"elementor-container elementor-column-gap-default\">\n\t\t\t\t\t<div class=\"elementor-column elementor-col-100 elementor-top-column elementor-element elementor-element-8e39c1f\" data-id=\"8e39c1f\" data-element_type=\"column\">\n\t\t\t<div class=\"elementor-widget-wrap elementor-element-populated\">\n\t\t\t\t\t\t<div class=\"elementor-element elementor-element-1d054f1 elementor-widget elementor-widget-heading\" data-id=\"1d054f1\" data-element_type=\"widget\" data-widget_type=\"heading.default\">\n\t\t\t\t<div class=\"elementor-widget-container\">\n\t\t\t<style>\/*! elementor - v3.22.0 - 17-06-2024 *\/\n.elementor-heading-title{padding:0;margin:0;line-height:1}.elementor-widget-heading .elementor-heading-title[class*=elementor-size-]>a{color:inherit;font-size:inherit;line-height:inherit}.elementor-widget-heading .elementor-heading-title.elementor-size-small{font-size:15px}.elementor-widget-heading .elementor-heading-title.elementor-size-medium{font-size:19px}.elementor-widget-heading .elementor-heading-title.elementor-size-large{font-size:29px}.elementor-widget-heading .elementor-heading-title.elementor-size-xl{font-size:39px}.elementor-widget-heading .elementor-heading-title.elementor-size-xxl{font-size:59px}<\/style><h2 class=\"elementor-heading-title elementor-size-default\">Skillshirtz<sup>\u00ae<\/sup> M\u00c9THODOLOGIE<\/h2>\t\t<\/div>\n\t\t\t\t<\/div>\n\t\t\t\t\t<\/div>\n\t\t<\/div>\n\t\t\t\t\t<\/div>\n\t\t<\/section>\n\t\t\t\t<section class=\"elementor-section elementor-top-section elementor-element elementor-element-f6ef449 elementor-section-boxed elementor-section-height-default elementor-section-height-default\" data-id=\"f6ef449\" data-element_type=\"section\" data-settings=\"{&quot;jet_parallax_layout_list&quot;:[]}\">\n\t\t\t\t\t\t<div class=\"elementor-container elementor-column-gap-default\">\n\t\t\t\t\t<div class=\"elementor-column elementor-col-50 elementor-top-column elementor-element elementor-element-35ef2fe\" data-id=\"35ef2fe\" data-element_type=\"column\">\n\t\t\t<div class=\"elementor-widget-wrap elementor-element-populated\">\n\t\t\t\t\t\t<div class=\"elementor-element elementor-element-af99ded main-hl-green elementor-widget elementor-widget-heading\" data-id=\"af99ded\" data-element_type=\"widget\" data-widget_type=\"heading.default\">\n\t\t\t\t<div class=\"elementor-widget-container\">\n\t\t\t<h2 class=\"elementor-heading-title elementor-size-default\">COLOREZ VOS EXERCICES<\/h2>\t\t<\/div>\n\t\t\t\t<\/div>\n\t\t\t\t<div class=\"elementor-element elementor-element-5ec8858 elementor-widget elementor-widget-text-editor\" data-id=\"5ec8858\" data-element_type=\"widget\" data-widget_type=\"text-editor.default\">\n\t\t\t\t<div class=\"elementor-widget-container\">\n\t\t\t<style>\/*! elementor - v3.22.0 - 17-06-2024 *\/\n.elementor-widget-text-editor.elementor-drop-cap-view-stacked .elementor-drop-cap{background-color:#69727d;color:#fff}.elementor-widget-text-editor.elementor-drop-cap-view-framed .elementor-drop-cap{color:#69727d;border:3px solid;background-color:transparent}.elementor-widget-text-editor:not(.elementor-drop-cap-view-default) .elementor-drop-cap{margin-top:8px}.elementor-widget-text-editor:not(.elementor-drop-cap-view-default) .elementor-drop-cap-letter{width:1em;height:1em}.elementor-widget-text-editor .elementor-drop-cap{float:left;text-align:center;line-height:1;font-size:50px}.elementor-widget-text-editor .elementor-drop-cap-letter{display:inline-block}<\/style>\t\t\t\t<p>Le concept de couleurs SKILLSHIRTZ<span style=\"font-size: 12pt;\"><sup>\u00ae <\/sup><\/span>permet d&#8217;utiliser diff\u00e9rentes m\u00e9thodes pour stimuler diff\u00e9rents aspects cognitifs. Toutes les m\u00e9thodes sont con\u00e7ues pour que les joueurs et joueuses per\u00e7oivent et traitent des signaux acoustiques ou visuels. L&#8217;utilisation et la combinaison des diff\u00e9rentes m\u00e9thodes permettent d&#8217;ajouter un \u00e9l\u00e9ment cognitif suppl\u00e9mentaire \u00e0 chaque forme d&#8217;entra\u00eenement.<\/p><p>Les m\u00e9thodes suivantes constituent la base de l&#8217;entra\u00eenement SKILLSHIRTZ<span style=\"font-size: 12pt;\"><sup>\u00ae<\/sup><\/span> et chaque forme d&#8217;entra\u00eenement se base sur une ou plusieurs m\u00e9thodes combin\u00e9es. Avec un peu de cr\u00e9ativit\u00e9, tu pourras donc aussi transformer ta forme pr\u00e9f\u00e9r\u00e9e en un entra\u00eenement SKILLSHIRTZ<span style=\"font-size: 12pt;\"><sup>\u00ae<\/sup><\/span> et entra\u00eener l&#8217;aspect cognitif. Il n&#8217;y a donc aucune limite \u00e0 la diversit\u00e9 des possibilit\u00e9s d&#8217;entra\u00eenement et \u00e0 ta cr\u00e9ativit\u00e9.<\/p>\t\t\t\t\t\t<\/div>\n\t\t\t\t<\/div>\n\t\t\t\t\t<\/div>\n\t\t<\/div>\n\t\t\t\t<div class=\"elementor-column elementor-col-50 elementor-top-column elementor-element elementor-element-7412250\" data-id=\"7412250\" data-element_type=\"column\">\n\t\t\t<div class=\"elementor-widget-wrap elementor-element-populated\">\n\t\t\t\t\t\t<div class=\"elementor-element elementor-element-56b772f img-green-bottom-right elementor-widget elementor-widget-image\" data-id=\"56b772f\" data-element_type=\"widget\" data-widget_type=\"image.default\">\n\t\t\t\t<div class=\"elementor-widget-container\">\n\t\t\t<style>\/*! elementor - v3.22.0 - 17-06-2024 *\/\n.elementor-widget-image{text-align:center}.elementor-widget-image a{display:inline-block}.elementor-widget-image a img[src$=\".svg\"]{width:48px}.elementor-widget-image img{vertical-align:middle;display:inline-block}<\/style>\t\t\t\t\t\t\t\t\t\t<img fetchpriority=\"high\" decoding=\"async\" width=\"1400\" height=\"983\" src=\"https:\/\/www.skillshirtz.com\/wp-content\/uploads\/2022\/09\/Info_Skillshirtz_gross_fr.jpg\" class=\"attachment-full size-full wp-image-3950\" alt=\"\" srcset=\"https:\/\/www.skillshirtz.com\/wp-content\/uploads\/2022\/09\/Info_Skillshirtz_gross_fr.jpg 1400w, https:\/\/www.skillshirtz.com\/wp-content\/uploads\/2022\/09\/Info_Skillshirtz_gross_fr-300x211.jpg 300w, https:\/\/www.skillshirtz.com\/wp-content\/uploads\/2022\/09\/Info_Skillshirtz_gross_fr-1024x719.jpg 1024w, https:\/\/www.skillshirtz.com\/wp-content\/uploads\/2022\/09\/Info_Skillshirtz_gross_fr-768x539.jpg 768w, https:\/\/www.skillshirtz.com\/wp-content\/uploads\/2022\/09\/Info_Skillshirtz_gross_fr-600x421.jpg 600w\" sizes=\"(max-width: 1400px) 100vw, 1400px\" \/>\t\t\t\t\t\t\t\t\t\t\t\t\t<\/div>\n\t\t\t\t<\/div>\n\t\t\t\t\t<\/div>\n\t\t<\/div>\n\t\t\t\t\t<\/div>\n\t\t<\/section>\n\t\t\t\t<section class=\"elementor-section elementor-top-section elementor-element elementor-element-b4f86de elementor-section-full_width elementor-section-height-default elementor-section-height-default\" data-id=\"b4f86de\" data-element_type=\"section\" data-settings=\"{&quot;background_background&quot;:&quot;classic&quot;,&quot;jet_parallax_layout_list&quot;:[]}\">\n\t\t\t\t\t\t<div class=\"elementor-container elementor-column-gap-default\">\n\t\t\t\t\t<div class=\"elementor-column elementor-col-100 elementor-top-column elementor-element elementor-element-2d7602c\" data-id=\"2d7602c\" data-element_type=\"column\">\n\t\t\t<div class=\"elementor-widget-wrap elementor-element-populated\">\n\t\t\t\t\t\t<div class=\"elementor-element elementor-element-e3970af elementor-arrows-position-inside elementor-widget elementor-widget-image-carousel\" data-id=\"e3970af\" data-element_type=\"widget\" data-settings=\"{&quot;slides_to_show&quot;:&quot;1&quot;,&quot;navigation&quot;:&quot;arrows&quot;,&quot;autoplay&quot;:&quot;yes&quot;,&quot;pause_on_hover&quot;:&quot;yes&quot;,&quot;pause_on_interaction&quot;:&quot;yes&quot;,&quot;autoplay_speed&quot;:5000,&quot;infinite&quot;:&quot;yes&quot;,&quot;effect&quot;:&quot;slide&quot;,&quot;speed&quot;:500}\" data-widget_type=\"image-carousel.default\">\n\t\t\t\t<div class=\"elementor-widget-container\">\n\t\t\t<style>\/*! elementor - v3.22.0 - 17-06-2024 *\/\n.elementor-widget-image-carousel .swiper,.elementor-widget-image-carousel .swiper-container{position:static}.elementor-widget-image-carousel .swiper-container .swiper-slide figure,.elementor-widget-image-carousel .swiper .swiper-slide figure{line-height:inherit}.elementor-widget-image-carousel .swiper-slide{text-align:center}.elementor-image-carousel-wrapper:not(.swiper-container-initialized):not(.swiper-initialized) .swiper-slide{max-width:calc(100% \/ var(--e-image-carousel-slides-to-show, 3))}<\/style>\t\t<div class=\"elementor-image-carousel-wrapper swiper\" dir=\"ltr\">\n\t\t\t<div class=\"elementor-image-carousel swiper-wrapper\" aria-live=\"off\">\n\t\t\t\t\t\t\t\t<div class=\"swiper-slide\" role=\"group\" aria-roledescription=\"slide\" aria-label=\"1 sur 7\"><figure class=\"swiper-slide-inner\"><img decoding=\"async\" class=\"swiper-slide-image\" src=\"https:\/\/www.skillshirtz.com\/wp-content\/uploads\/2022\/09\/methodik_signal_farbe_fr.jpg\" alt=\"methodik_signal_farbe_fr\" \/><\/figure><\/div><div class=\"swiper-slide\" role=\"group\" aria-roledescription=\"slide\" aria-label=\"2 sur 7\"><figure class=\"swiper-slide-inner\"><img decoding=\"async\" class=\"swiper-slide-image\" src=\"https:\/\/www.skillshirtz.com\/wp-content\/uploads\/2022\/09\/methodik_signal_farbe_team_fr.jpg\" alt=\"methodik_signal_farbe_team_fr\" \/><\/figure><\/div><div class=\"swiper-slide\" role=\"group\" aria-roledescription=\"slide\" aria-label=\"3 sur 7\"><figure class=\"swiper-slide-inner\"><img decoding=\"async\" class=\"swiper-slide-image\" src=\"https:\/\/www.skillshirtz.com\/wp-content\/uploads\/2022\/09\/methodik_signal_seite_fr.jpg\" alt=\"methodik_signal_seite_fr\" \/><\/figure><\/div><div class=\"swiper-slide\" role=\"group\" aria-roledescription=\"slide\" aria-label=\"4 sur 7\"><figure class=\"swiper-slide-inner\"><img decoding=\"async\" class=\"swiper-slide-image\" src=\"https:\/\/www.skillshirtz.com\/wp-content\/uploads\/2022\/09\/methodik_signal_seite_team_fr.jpg\" alt=\"methodik_signal_seite_team_fr\" \/><\/figure><\/div><div class=\"swiper-slide\" role=\"group\" aria-roledescription=\"slide\" aria-label=\"5 sur 7\"><figure class=\"swiper-slide-inner\"><img decoding=\"async\" class=\"swiper-slide-image\" src=\"https:\/\/www.skillshirtz.com\/wp-content\/uploads\/2022\/09\/methodik_spielfuss_fr.jpg\" alt=\"methodik_spielfuss_fr\" \/><\/figure><\/div><div class=\"swiper-slide\" role=\"group\" aria-roledescription=\"slide\" aria-label=\"6 sur 7\"><figure class=\"swiper-slide-inner\"><img decoding=\"async\" class=\"swiper-slide-image\" src=\"https:\/\/www.skillshirtz.com\/wp-content\/uploads\/2022\/09\/methodik_ueber_unter_fr.jpg\" alt=\"methodik_ueber_unter_fr\" \/><\/figure><\/div><div class=\"swiper-slide\" role=\"group\" aria-roledescription=\"slide\" aria-label=\"7 sur 7\"><figure class=\"swiper-slide-inner\"><img decoding=\"async\" class=\"swiper-slide-image\" src=\"https:\/\/www.skillshirtz.com\/wp-content\/uploads\/2022\/09\/methodik_zwilling_fr.jpg\" alt=\"methodik_zwilling_fr\" \/><\/figure><\/div>\t\t\t<\/div>\n\t\t\t\t\t\t\t\t\t\t\t\t<div class=\"elementor-swiper-button elementor-swiper-button-prev\" role=\"button\" tabindex=\"0\">\n\t\t\t\t\t\t<i aria-hidden=\"true\" class=\"eicon-chevron-left\"><\/i>\t\t\t\t\t<\/div>\n\t\t\t\t\t<div class=\"elementor-swiper-button elementor-swiper-button-next\" role=\"button\" tabindex=\"0\">\n\t\t\t\t\t\t<i aria-hidden=\"true\" class=\"eicon-chevron-right\"><\/i>\t\t\t\t\t<\/div>\n\t\t\t\t\n\t\t\t\t\t\t\t\t\t<\/div>\n\t\t\t\t<\/div>\n\t\t\t\t<\/div>\n\t\t\t\t\t<\/div>\n\t\t<\/div>\n\t\t\t\t\t<\/div>\n\t\t<\/section>\n\t\t\t\t<\/div>\n\t\t","protected":false},"excerpt":{"rendered":"<p>Skillshirtz\u00ae M\u00c9THODOLOGIE COLOREZ VOS EXERCICES Le concept de couleurs SKILLSHIRTZ\u00ae permet d&#8217;utiliser diff\u00e9rentes m\u00e9thodes pour stimuler diff\u00e9rents aspects cognitifs. Toutes les m\u00e9thodes sont con\u00e7ues pour que les joueurs et joueuses per\u00e7oivent et traitent des signaux acoustiques ou visuels. L&#8217;utilisation et la combinaison des diff\u00e9rentes m\u00e9thodes permettent d&#8217;ajouter un \u00e9l\u00e9ment cognitif suppl\u00e9mentaire \u00e0 chaque forme d&#8217;entra\u00eenement. [&hellip;]<\/p>\n","protected":false},"author":1,"featured_media":0,"parent":2848,"menu_order":0,"comment_status":"closed","ping_status":"closed","template":"","meta":{"_acf_changed":false,"inline_featured_image":false,"footnotes":""},"class_list":["post-2970","page","type-page","status-publish","hentry"],"acf":[],"_links":{"self":[{"href":"https:\/\/www.skillshirtz.com\/fr\/wp-json\/wp\/v2\/pages\/2970","targetHints":{"allow":["GET"]}}],"collection":[{"href":"https:\/\/www.skillshirtz.com\/fr\/wp-json\/wp\/v2\/pages"}],"about":[{"href":"https:\/\/www.skillshirtz.com\/fr\/wp-json\/wp\/v2\/types\/page"}],"author":[{"embeddable":true,"href":"https:\/\/www.skillshirtz.com\/fr\/wp-json\/wp\/v2\/users\/1"}],"replies":[{"embeddable":true,"href":"https:\/\/www.skillshirtz.com\/fr\/wp-json\/wp\/v2\/comments?post=2970"}],"version-history":[{"count":12,"href":"https:\/\/www.skillshirtz.com\/fr\/wp-json\/wp\/v2\/pages\/2970\/revisions"}],"predecessor-version":[{"id":3976,"href":"https:\/\/www.skillshirtz.com\/fr\/wp-json\/wp\/v2\/pages\/2970\/revisions\/3976"}],"up":[{"embeddable":true,"href":"https:\/\/www.skillshirtz.com\/fr\/wp-json\/wp\/v2\/pages\/2848"}],"wp:attachment":[{"href":"https:\/\/www.skillshirtz.com\/fr\/wp-json\/wp\/v2\/media?parent=2970"}],"curies":[{"name":"wp","href":"https:\/\/api.w.org\/{rel}","templated":true}]}}