{"id":2846,"date":"2021-12-02T10:23:48","date_gmt":"2021-12-02T09:23:48","guid":{"rendered":"https:\/\/www.skillshirtz.com\/sponsoring\/"},"modified":"2023-03-28T10:15:00","modified_gmt":"2023-03-28T08:15:00","slug":"sponsoring","status":"publish","type":"page","link":"https:\/\/www.skillshirtz.com\/fr\/sponsoring\/","title":{"rendered":"SPONSORING"},"content":{"rendered":"\t\t<div data-elementor-type=\"wp-page\" data-elementor-id=\"2846\" class=\"elementor elementor-2846\" data-elementor-post-type=\"page\">\n\t\t\t\t\t\t<section class=\"elementor-section elementor-top-section elementor-element elementor-element-588268f elementor-section-boxed elementor-section-height-default elementor-section-height-default\" data-id=\"588268f\" data-element_type=\"section\" data-settings=\"{&quot;jet_parallax_layout_list&quot;:[]}\">\n\t\t\t\t\t\t<div class=\"elementor-container elementor-column-gap-default\">\n\t\t\t\t\t<div class=\"elementor-column elementor-col-100 elementor-top-column elementor-element elementor-element-2c6eefa\" data-id=\"2c6eefa\" data-element_type=\"column\">\n\t\t\t<div class=\"elementor-widget-wrap elementor-element-populated\">\n\t\t\t\t\t\t<div class=\"elementor-element elementor-element-abf67db elementor-widget elementor-widget-heading\" data-id=\"abf67db\" data-element_type=\"widget\" data-widget_type=\"heading.default\">\n\t\t\t\t<div class=\"elementor-widget-container\">\n\t\t\t<style>\/*! elementor - v3.22.0 - 17-06-2024 *\/\n.elementor-heading-title{padding:0;margin:0;line-height:1}.elementor-widget-heading .elementor-heading-title[class*=elementor-size-]>a{color:inherit;font-size:inherit;line-height:inherit}.elementor-widget-heading .elementor-heading-title.elementor-size-small{font-size:15px}.elementor-widget-heading .elementor-heading-title.elementor-size-medium{font-size:19px}.elementor-widget-heading .elementor-heading-title.elementor-size-large{font-size:29px}.elementor-widget-heading .elementor-heading-title.elementor-size-xl{font-size:39px}.elementor-widget-heading .elementor-heading-title.elementor-size-xxl{font-size:59px}<\/style><h2 class=\"elementor-heading-title elementor-size-default\">Sponsoring<\/h2>\t\t<\/div>\n\t\t\t\t<\/div>\n\t\t\t\t<div class=\"elementor-element elementor-element-fb64e91 elementor-widget elementor-widget-heading\" data-id=\"fb64e91\" data-element_type=\"widget\" data-widget_type=\"heading.default\">\n\t\t\t\t<div class=\"elementor-widget-container\">\n\t\t\t<h2 class=\"elementor-heading-title elementor-size-default\">SUPPORTER TON CLUB LOCAL<\/h2>\t\t<\/div>\n\t\t\t\t<\/div>\n\t\t\t\t\t<\/div>\n\t\t<\/div>\n\t\t\t\t\t<\/div>\n\t\t<\/section>\n\t\t\t\t<section class=\"elementor-section elementor-top-section elementor-element elementor-element-2e10d0d elementor-section-boxed elementor-section-height-default elementor-section-height-default\" data-id=\"2e10d0d\" data-element_type=\"section\" data-settings=\"{&quot;jet_parallax_layout_list&quot;:[]}\">\n\t\t\t\t\t\t<div class=\"elementor-container elementor-column-gap-default\">\n\t\t\t\t\t<div class=\"elementor-column elementor-col-50 elementor-top-column elementor-element elementor-element-9ae16e0\" data-id=\"9ae16e0\" data-element_type=\"column\">\n\t\t\t<div class=\"elementor-widget-wrap elementor-element-populated\">\n\t\t\t\t\t\t<div class=\"elementor-element elementor-element-f003a48 main-hl-green elementor-widget elementor-widget-heading\" data-id=\"f003a48\" data-element_type=\"widget\" data-widget_type=\"heading.default\">\n\t\t\t\t<div class=\"elementor-widget-container\">\n\t\t\t<h2 class=\"elementor-heading-title elementor-size-default\">RECHERCHE DE SPONSORS<\/h2>\t\t<\/div>\n\t\t\t\t<\/div>\n\t\t\t\t<div class=\"elementor-element elementor-element-2cef2e8 elementor-widget elementor-widget-text-editor\" data-id=\"2cef2e8\" data-element_type=\"widget\" data-widget_type=\"text-editor.default\">\n\t\t\t\t<div class=\"elementor-widget-container\">\n\t\t\t<style>\/*! elementor - v3.22.0 - 17-06-2024 *\/\n.elementor-widget-text-editor.elementor-drop-cap-view-stacked .elementor-drop-cap{background-color:#69727d;color:#fff}.elementor-widget-text-editor.elementor-drop-cap-view-framed .elementor-drop-cap{color:#69727d;border:3px solid;background-color:transparent}.elementor-widget-text-editor:not(.elementor-drop-cap-view-default) .elementor-drop-cap{margin-top:8px}.elementor-widget-text-editor:not(.elementor-drop-cap-view-default) .elementor-drop-cap-letter{width:1em;height:1em}.elementor-widget-text-editor .elementor-drop-cap{float:left;text-align:center;line-height:1;font-size:50px}.elementor-widget-text-editor .elementor-drop-cap-letter{display:inline-block}<\/style>\t\t\t\t<p>L&#8217;euphorie d&#8217;acqu\u00e9rir un nouvel outil d&#8217;entra\u00eenement et de l&#8217;int\u00e9grer \u00e0 l&#8217;entra\u00eenement dispara\u00eet souvent rapidement lorsqu&#8217;on jette un coup d&#8217;\u0153il \u00e0 la caisse de l&#8217;\u00e9quipe.<\/p>\n<p>Pour ne pas devoir supporter vous-m\u00eame les co\u00fbts de votre nouveau set SKILLSHIRTZ<sup>\u00ae<\/sup>, il est judicieux de chercher un sponsor qui vous offre le set et peut en contrepartie pr\u00e9senter son logo sur les maillots.<\/p>\n<p>Pour un petit suppl\u00e9ment de 35,70\u20ac, nous vous livrons le set SKILLSHIRTZ<sup>\u00ae<\/sup> directement avec une impression offset premium unicolore noire avec le logo de votre sponsor.<\/p>\n<p>Vous profitez d&#8217;un outil d&#8217;entra\u00eenement nouveau et innovant et le sponsor se pr\u00e9sente, lui et son entreprise, sur une surface publicitaire extr\u00eamement int\u00e9ressante. Les SKILLSHIRTZ<sup>\u00ae<\/sup> attirent l&#8217;attention sur tous les terrains de sport.<\/p>\n<p>Si vous avez d\u00e9j\u00e0 trouv\u00e9 un sponsor, envoyez-nous une demande avec le logo de votre sponsor \u00e0 office@skillshirtz.com<br>(format de fichier .svg ou .png)<\/p>\t\t\t\t\t\t<\/div>\n\t\t\t\t<\/div>\n\t\t\t\t<div class=\"elementor-element elementor-element-0b5ceab elementor-widget__width-auto elementor-mobile-align-center elementor-widget-mobile__width-inherit elementor-widget elementor-widget-button\" data-id=\"0b5ceab\" data-element_type=\"widget\" data-widget_type=\"button.default\">\n\t\t\t\t<div class=\"elementor-widget-container\">\n\t\t\t\t\t<div class=\"elementor-button-wrapper\">\n\t\t\t<a class=\"elementor-button elementor-size-sm elementor-animation-grow\" role=\"button\">\n\t\t\t\t\t\t<span class=\"elementor-button-content-wrapper\">\n\t\t\t\t\t\t\t\t\t<span class=\"elementor-button-text\">ENVOYER UNE DEMANDE<\/span>\n\t\t\t\t\t<\/span>\n\t\t\t\t\t<\/a>\n\t\t<\/div>\n\t\t\t\t<\/div>\n\t\t\t\t<\/div>\n\t\t\t\t<div class=\"elementor-element elementor-element-2f4de6a elementor-widget elementor-widget-text-editor\" data-id=\"2f4de6a\" data-element_type=\"widget\" data-widget_type=\"text-editor.default\">\n\t\t\t\t<div class=\"elementor-widget-container\">\n\t\t\t\t\t\t\t<p><span style=\"color: var( --e-global-color-text ); font-family: var( --e-global-typography-text-font-family ), Sans-serif; font-size: var( --e-global-typography-text-font-size );\"><br \/>Si vous \u00eates encore \u00e0 la recherche d&#8217;un sponsor, vous pouvez t\u00e9l\u00e9charger ici un flyer au format PDF afin de montrer aux sponsors potentiels quel est le but de leur don et comment ils peuvent profiter de l&#8217;impression du logo.<br \/><\/span><\/p>\t\t\t\t\t\t<\/div>\n\t\t\t\t<\/div>\n\t\t\t\t<div class=\"elementor-element elementor-element-bc9503b elementor-widget__width-auto elementor-mobile-align-center elementor-widget-mobile__width-inherit elementor-widget elementor-widget-button\" data-id=\"bc9503b\" data-element_type=\"widget\" data-widget_type=\"button.default\">\n\t\t\t\t<div class=\"elementor-widget-container\">\n\t\t\t\t\t<div class=\"elementor-button-wrapper\">\n\t\t\t<a class=\"elementor-button elementor-button-link elementor-size-sm elementor-animation-grow\" href=\"https:\/\/www.skillshirtz.com\/wp-content\/uploads\/2022\/03\/Flyer_Sponsoring_digital.pdf\">\n\t\t\t\t\t\t<span class=\"elementor-button-content-wrapper\">\n\t\t\t\t\t\t\t\t\t<span class=\"elementor-button-text\">FLYER NUM\u00c9RIQUE<\/span>\n\t\t\t\t\t<\/span>\n\t\t\t\t\t<\/a>\n\t\t<\/div>\n\t\t\t\t<\/div>\n\t\t\t\t<\/div>\n\t\t\t\t<div class=\"elementor-element elementor-element-166bbbc elementor-widget__width-auto elementor-mobile-align-center elementor-widget-mobile__width-inherit elementor-widget elementor-widget-button\" data-id=\"166bbbc\" data-element_type=\"widget\" data-widget_type=\"button.default\">\n\t\t\t\t<div class=\"elementor-widget-container\">\n\t\t\t\t\t<div class=\"elementor-button-wrapper\">\n\t\t\t<a class=\"elementor-button elementor-button-link elementor-size-sm elementor-animation-grow\" href=\"https:\/\/www.skillshirtz.com\/wp-content\/uploads\/2022\/03\/Flyer_Sponsoring_druckversion.pdf\">\n\t\t\t\t\t\t<span class=\"elementor-button-content-wrapper\">\n\t\t\t\t\t\t\t\t\t<span class=\"elementor-button-text\">VERSION IMPRIM\u00c9E DU FLYER<\/span>\n\t\t\t\t\t<\/span>\n\t\t\t\t\t<\/a>\n\t\t<\/div>\n\t\t\t\t<\/div>\n\t\t\t\t<\/div>\n\t\t\t\t\t<\/div>\n\t\t<\/div>\n\t\t\t\t<div class=\"elementor-column elementor-col-50 elementor-top-column elementor-element elementor-element-bd154ec\" data-id=\"bd154ec\" data-element_type=\"column\">\n\t\t\t<div class=\"elementor-widget-wrap elementor-element-populated\">\n\t\t\t\t\t\t<div class=\"elementor-element elementor-element-7d681dd img-green-top-left elementor-widget elementor-widget-image\" data-id=\"7d681dd\" data-element_type=\"widget\" data-widget_type=\"image.default\">\n\t\t\t\t<div class=\"elementor-widget-container\">\n\t\t\t<style>\/*! elementor - v3.22.0 - 17-06-2024 *\/\n.elementor-widget-image{text-align:center}.elementor-widget-image a{display:inline-block}.elementor-widget-image a img[src$=\".svg\"]{width:48px}.elementor-widget-image img{vertical-align:middle;display:inline-block}<\/style>\t\t\t\t\t\t\t\t\t\t<img fetchpriority=\"high\" decoding=\"async\" width=\"620\" height=\"921\" src=\"https:\/\/www.skillshirtz.com\/wp-content\/uploads\/2021\/10\/Sponsoring_2.jpg\" class=\"attachment-large size-large wp-image-714\" alt=\"\" srcset=\"https:\/\/www.skillshirtz.com\/wp-content\/uploads\/2021\/10\/Sponsoring_2.jpg 620w, https:\/\/www.skillshirtz.com\/wp-content\/uploads\/2021\/10\/Sponsoring_2-600x891.jpg 600w, https:\/\/www.skillshirtz.com\/wp-content\/uploads\/2021\/10\/Sponsoring_2-202x300.jpg 202w\" sizes=\"(max-width: 620px) 100vw, 620px\" \/>\t\t\t\t\t\t\t\t\t\t\t\t\t<\/div>\n\t\t\t\t<\/div>\n\t\t\t\t\t<\/div>\n\t\t<\/div>\n\t\t\t\t\t<\/div>\n\t\t<\/section>\n\t\t\t\t<section class=\"elementor-section elementor-top-section elementor-element elementor-element-b13d3ac elementor-reverse-mobile elementor-section-boxed elementor-section-height-default elementor-section-height-default\" data-id=\"b13d3ac\" data-element_type=\"section\" data-settings=\"{&quot;jet_parallax_layout_list&quot;:[]}\">\n\t\t\t\t\t\t<div class=\"elementor-container elementor-column-gap-default\">\n\t\t\t\t\t<div class=\"elementor-column elementor-col-50 elementor-top-column elementor-element elementor-element-a48594f\" data-id=\"a48594f\" data-element_type=\"column\">\n\t\t\t<div class=\"elementor-widget-wrap elementor-element-populated\">\n\t\t\t\t\t\t<div class=\"elementor-element elementor-element-4f504d6 img-green-top-left elementor-widget elementor-widget-image\" data-id=\"4f504d6\" data-element_type=\"widget\" data-widget_type=\"image.default\">\n\t\t\t\t<div class=\"elementor-widget-container\">\n\t\t\t\t\t\t\t\t\t\t\t\t\t<img decoding=\"async\" width=\"620\" height=\"620\" src=\"https:\/\/www.skillshirtz.com\/wp-content\/uploads\/2021\/10\/Sponsoring_1.jpg\" class=\"attachment-large size-large wp-image-713\" alt=\"\" srcset=\"https:\/\/www.skillshirtz.com\/wp-content\/uploads\/2021\/10\/Sponsoring_1.jpg 620w, https:\/\/www.skillshirtz.com\/wp-content\/uploads\/2021\/10\/Sponsoring_1-300x300.jpg 300w, https:\/\/www.skillshirtz.com\/wp-content\/uploads\/2021\/10\/Sponsoring_1-100x100.jpg 100w, https:\/\/www.skillshirtz.com\/wp-content\/uploads\/2021\/10\/Sponsoring_1-600x600.jpg 600w, https:\/\/www.skillshirtz.com\/wp-content\/uploads\/2021\/10\/Sponsoring_1-150x150.jpg 150w\" sizes=\"(max-width: 620px) 100vw, 620px\" \/>\t\t\t\t\t\t\t\t\t\t\t\t\t<\/div>\n\t\t\t\t<\/div>\n\t\t\t\t\t<\/div>\n\t\t<\/div>\n\t\t\t\t<div class=\"elementor-column elementor-col-50 elementor-top-column elementor-element elementor-element-84200be\" data-id=\"84200be\" data-element_type=\"column\">\n\t\t\t<div class=\"elementor-widget-wrap elementor-element-populated\">\n\t\t\t\t\t\t<div class=\"elementor-element elementor-element-e290aba main-hl-green elementor-widget elementor-widget-heading\" data-id=\"e290aba\" data-element_type=\"widget\" data-widget_type=\"heading.default\">\n\t\t\t\t<div class=\"elementor-widget-container\">\n\t\t\t<h2 class=\"elementor-heading-title elementor-size-default\">SUPPORTER TON <br>CLUB LOCAL<\/h2>\t\t<\/div>\n\t\t\t\t<\/div>\n\t\t\t\t<div class=\"elementor-element elementor-element-b23789a elementor-widget elementor-widget-text-editor\" data-id=\"b23789a\" data-element_type=\"widget\" data-widget_type=\"text-editor.default\">\n\t\t\t\t<div class=\"elementor-widget-container\">\n\t\t\t\t\t\t\t<p>Soutenez une \u00e9quipe ou un club et offrez un set de SKILLSHIRTZ<sup>\u00ae<\/sup> avec le logo de votre entreprise. Les sportifs profitent d&#8217;un outil d&#8217;entra\u00eenement nouveau et innovant et vous vous pr\u00e9sentez, vous et votre entreprise, sur une surface publicitaire extr\u00eamement int\u00e9ressante. Les SKILLSHIRTZ<sup>\u00ae<\/sup> attirent \u00e0 coup s\u00fbr l&#8217;attention sur tous les terrains de sport.<\/p><p>Vous souhaitez offrir un set de SKILLSHIRTZ<sup>\u00ae<\/sup> ? Envoyez-nous une demande avec le logo de votre entreprise \u00e0 office@skillshirtz.com (format de fichier .svg ou .png).<\/p>\t\t\t\t\t\t<\/div>\n\t\t\t\t<\/div>\n\t\t\t\t<div class=\"elementor-element elementor-element-82bc7fa elementor-widget__width-auto elementor-mobile-align-center elementor-widget-mobile__width-inherit elementor-widget elementor-widget-button\" data-id=\"82bc7fa\" data-element_type=\"widget\" data-widget_type=\"button.default\">\n\t\t\t\t<div class=\"elementor-widget-container\">\n\t\t\t\t\t<div class=\"elementor-button-wrapper\">\n\t\t\t<a class=\"elementor-button elementor-size-sm elementor-animation-grow\" role=\"button\">\n\t\t\t\t\t\t<span class=\"elementor-button-content-wrapper\">\n\t\t\t\t\t\t\t\t\t<span class=\"elementor-button-text\">ENVOYER UNE DEMANDE<\/span>\n\t\t\t\t\t<\/span>\n\t\t\t\t\t<\/a>\n\t\t<\/div>\n\t\t\t\t<\/div>\n\t\t\t\t<\/div>\n\t\t\t\t<div class=\"elementor-element elementor-element-7a384ed elementor-widget elementor-widget-spacer\" data-id=\"7a384ed\" data-element_type=\"widget\" data-widget_type=\"spacer.default\">\n\t\t\t\t<div class=\"elementor-widget-container\">\n\t\t\t<style>\/*! elementor - v3.22.0 - 17-06-2024 *\/\n.elementor-column .elementor-spacer-inner{height:var(--spacer-size)}.e-con{--container-widget-width:100%}.e-con-inner>.elementor-widget-spacer,.e-con>.elementor-widget-spacer{width:var(--container-widget-width,var(--spacer-size));--align-self:var(--container-widget-align-self,initial);--flex-shrink:0}.e-con-inner>.elementor-widget-spacer>.elementor-widget-container,.e-con>.elementor-widget-spacer>.elementor-widget-container{height:100%;width:100%}.e-con-inner>.elementor-widget-spacer>.elementor-widget-container>.elementor-spacer,.e-con>.elementor-widget-spacer>.elementor-widget-container>.elementor-spacer{height:100%}.e-con-inner>.elementor-widget-spacer>.elementor-widget-container>.elementor-spacer>.elementor-spacer-inner,.e-con>.elementor-widget-spacer>.elementor-widget-container>.elementor-spacer>.elementor-spacer-inner{height:var(--container-widget-height,var(--spacer-size))}.e-con-inner>.elementor-widget-spacer.elementor-widget-empty,.e-con>.elementor-widget-spacer.elementor-widget-empty{position:relative;min-height:22px;min-width:22px}.e-con-inner>.elementor-widget-spacer.elementor-widget-empty .elementor-widget-empty-icon,.e-con>.elementor-widget-spacer.elementor-widget-empty .elementor-widget-empty-icon{position:absolute;top:0;bottom:0;left:0;right:0;margin:auto;padding:0;width:22px;height:22px}<\/style>\t\t<div class=\"elementor-spacer\">\n\t\t\t<div class=\"elementor-spacer-inner\"><\/div>\n\t\t<\/div>\n\t\t\t\t<\/div>\n\t\t\t\t<\/div>\n\t\t\t\t<div class=\"elementor-element elementor-element-59c354d elementor-widget__width-auto elementor-mobile-align-center elementor-widget-mobile__width-inherit elementor-widget elementor-widget-button\" data-id=\"59c354d\" data-element_type=\"widget\" data-widget_type=\"button.default\">\n\t\t\t\t<div class=\"elementor-widget-container\">\n\t\t\t\t\t<div class=\"elementor-button-wrapper\">\n\t\t\t<a class=\"elementor-button elementor-button-link elementor-size-sm elementor-animation-grow\" href=\"https:\/\/www.skillshirtz.com\/fr\/skillshirtz\/\">\n\t\t\t\t\t\t<span class=\"elementor-button-content-wrapper\">\n\t\t\t\t\t\t\t\t\t<span class=\"elementor-button-text\">QUE SONT LES SKILLSHIRTZ<sup>\u00ae<\/sup>?<\/span>\n\t\t\t\t\t<\/span>\n\t\t\t\t\t<\/a>\n\t\t<\/div>\n\t\t\t\t<\/div>\n\t\t\t\t<\/div>\n\t\t\t\t\t<\/div>\n\t\t<\/div>\n\t\t\t\t\t<\/div>\n\t\t<\/section>\n\t\t\t\t<section class=\"elementor-section elementor-top-section elementor-element elementor-element-2d69117 elementor-section-boxed elementor-section-height-default elementor-section-height-default\" data-id=\"2d69117\" data-element_type=\"section\" data-settings=\"{&quot;jet_parallax_layout_list&quot;:[]}\">\n\t\t\t\t\t\t<div class=\"elementor-container elementor-column-gap-default\">\n\t\t\t\t\t<div class=\"elementor-column elementor-col-100 elementor-top-column elementor-element elementor-element-06e4958\" data-id=\"06e4958\" data-element_type=\"column\">\n\t\t\t<div class=\"elementor-widget-wrap\">\n\t\t\t\t\t\t\t<\/div>\n\t\t<\/div>\n\t\t\t\t\t<\/div>\n\t\t<\/section>\n\t\t\t\t<\/div>\n\t\t","protected":false},"excerpt":{"rendered":"<p>Sponsoring SUPPORTER TON CLUB LOCAL RECHERCHE DE SPONSORS L&#8217;euphorie d&#8217;acqu\u00e9rir un nouvel outil d&#8217;entra\u00eenement et de l&#8217;int\u00e9grer \u00e0 l&#8217;entra\u00eenement dispara\u00eet souvent rapidement lorsqu&#8217;on jette un coup d&#8217;\u0153il \u00e0 la caisse de l&#8217;\u00e9quipe. Pour ne pas devoir supporter vous-m\u00eame les co\u00fbts de votre nouveau set SKILLSHIRTZ\u00ae, il est judicieux de chercher un sponsor qui vous offre [&hellip;]<\/p>\n","protected":false},"author":1,"featured_media":0,"parent":0,"menu_order":0,"comment_status":"closed","ping_status":"closed","template":"","meta":{"_acf_changed":false,"inline_featured_image":false,"footnotes":""},"class_list":["post-2846","page","type-page","status-publish","hentry"],"acf":[],"_links":{"self":[{"href":"https:\/\/www.skillshirtz.com\/fr\/wp-json\/wp\/v2\/pages\/2846","targetHints":{"allow":["GET"]}}],"collection":[{"href":"https:\/\/www.skillshirtz.com\/fr\/wp-json\/wp\/v2\/pages"}],"about":[{"href":"https:\/\/www.skillshirtz.com\/fr\/wp-json\/wp\/v2\/types\/page"}],"author":[{"embeddable":true,"href":"https:\/\/www.skillshirtz.com\/fr\/wp-json\/wp\/v2\/users\/1"}],"replies":[{"embeddable":true,"href":"https:\/\/www.skillshirtz.com\/fr\/wp-json\/wp\/v2\/comments?post=2846"}],"version-history":[{"count":36,"href":"https:\/\/www.skillshirtz.com\/fr\/wp-json\/wp\/v2\/pages\/2846\/revisions"}],"predecessor-version":[{"id":4616,"href":"https:\/\/www.skillshirtz.com\/fr\/wp-json\/wp\/v2\/pages\/2846\/revisions\/4616"}],"wp:attachment":[{"href":"https:\/\/www.skillshirtz.com\/fr\/wp-json\/wp\/v2\/media?parent=2846"}],"curies":[{"name":"wp","href":"https:\/\/api.w.org\/{rel}","templated":true}]}}