{"id":2766,"date":"2021-10-07T16:20:52","date_gmt":"2021-10-07T14:20:52","guid":{"rendered":"https:\/\/www.skillshirtz.com\/home\/"},"modified":"2023-06-26T13:33:02","modified_gmt":"2023-06-26T11:33:02","slug":"home","status":"publish","type":"page","link":"https:\/\/www.skillshirtz.com\/fr\/","title":{"rendered":"Home"},"content":{"rendered":"<style>\/*! elementor - v3.13.3 - 22-05-2023 *\/\n.elementor-heading-title{padding:0;margin:0;line-height:1}.elementor-widget-heading .elementor-heading-title[class*=elementor-size-]>a{color:inherit;font-size:inherit;line-height:inherit}.elementor-widget-heading .elementor-heading-title.elementor-size-small{font-size:15px}.elementor-widget-heading .elementor-heading-title.elementor-size-medium{font-size:19px}.elementor-widget-heading .elementor-heading-title.elementor-size-large{font-size:29px}.elementor-widget-heading .elementor-heading-title.elementor-size-xl{font-size:39px}.elementor-widget-heading .elementor-heading-title.elementor-size-xxl{font-size:59px}<\/style>\n<h2>Rethink your drills. <br \/>\nImprove your Skillz.<\/h2>\n<p>\t\t\t<a href=\"https:\/\/www.skillshirtz.com\/fr\/skillshirtz\/#was-sind-skillshirtz\" role=\"button\"><br \/>\n\t\t\t\t\t\tQUE SONT LES SKILLSHIRTZ<sup>\u00ae<\/sup>?<br \/>\n\t\t\t\t\t<\/a><br \/>\n\t\t\t<a href=\"https:\/\/www.skillshirtz.com\/fr\/notre-idee\/\" role=\"button\"><br \/>\n\t\t\t\t\t\tNOTRE ID\u00c9E<br \/>\n\t\t\t\t\t<\/a><\/p>\n<style>\/*! elementor - v3.13.3 - 22-05-2023 *\/\n.elementor-widget-image{text-align:center}.elementor-widget-image a{display:inline-block}.elementor-widget-image a img[src$=\".svg\"]{width:48px}.elementor-widget-image img{vertical-align:middle;display:inline-block}<\/style>\n<p>\t\t\t\t\t\t\t\t\t\t\t\t<img loading=\"lazy\" decoding=\"async\" width=\"800\" height=\"800\" src=\"https:\/\/www.skillshirtz.com\/wp-content\/uploads\/2021\/10\/Pfeile_3er_nachUnten.svg\" alt=\"\" loading=\"lazy\" \/><br \/>\n\t\t\t\t\t\t\t\t\t\t\t\t\t\t\t<img loading=\"lazy\" decoding=\"async\" width=\"800\" height=\"562\" src=\"https:\/\/www.skillshirtz.com\/wp-content\/uploads\/2021\/10\/Zu_den_Skillshirtz.jpg\" alt=\"\" loading=\"lazy\" srcset=\"https:\/\/www.skillshirtz.com\/wp-content\/uploads\/2021\/10\/Zu_den_Skillshirtz.jpg 840w, https:\/\/www.skillshirtz.com\/wp-content\/uploads\/2021\/10\/Zu_den_Skillshirtz-600x421.jpg 600w, https:\/\/www.skillshirtz.com\/wp-content\/uploads\/2021\/10\/Zu_den_Skillshirtz-300x211.jpg 300w, https:\/\/www.skillshirtz.com\/wp-content\/uploads\/2021\/10\/Zu_den_Skillshirtz-768x539.jpg 768w\" sizes=\"auto, (max-width: 800px) 100vw, 800px\" \/>\t\t\t\t\t\t\t\t\t\t\t\t\t\t\t<\/p>\n<p>COLOR YOUR DRILLS. IMPROVE YOUR SKILLZ<\/p>\n<h2>SKILLSHIRTZ<sup>\u00ae<\/sup><\/h2>\n<p>L&#8217;outil multifonctionnel pour ton entra\u00eenement. Entra\u00eene le processus de perception cognitive de tes joueurs.<\/p>\n<p><a href=\"https:\/\/www.skillshirtz.com\/fr\/skillshirtz\/\">VERS LES SKILLSHIRTZ<sup>\u00ae<\/sup> &gt;<\/a><\/p>\n<p>\t\t\t\t\t\t\t\t\t\t\t\t\t\t\t<img loading=\"lazy\" decoding=\"async\" width=\"800\" height=\"565\" src=\"https:\/\/www.skillshirtz.com\/wp-content\/uploads\/2022\/02\/Mockup_laptop_Iphone.jpg\" alt=\"\" loading=\"lazy\" srcset=\"https:\/\/www.skillshirtz.com\/wp-content\/uploads\/2022\/02\/Mockup_laptop_Iphone.jpg 1024w, https:\/\/www.skillshirtz.com\/wp-content\/uploads\/2022\/02\/Mockup_laptop_Iphone-300x212.jpg 300w, https:\/\/www.skillshirtz.com\/wp-content\/uploads\/2022\/02\/Mockup_laptop_Iphone-768x542.jpg 768w, https:\/\/www.skillshirtz.com\/wp-content\/uploads\/2022\/02\/Mockup_laptop_Iphone-600x424.jpg 600w\" sizes=\"auto, (max-width: 800px) 100vw, 800px\" \/>\t\t\t\t\t\t\t\t\t\t\t\t\t\t\t<\/p>\n<p>COLOR YOUR DRILLS. IMPROVE YOUR SKILLZ<\/p>\n<h2>OPTIMISE TON ENTRA\u00ceNEMENT<\/h2>\n<p>Obtiens constamment de nouveaux exercices pour ton entra\u00eenement sur notre plateforme vid\u00e9o et stimule les yeux et le cerveau de tes joueurs.<\/p>\n<p><a href=\"https:\/\/www.skillshirtz.com\/fr\/mediatheque\/\">LA M\u00c9DIATH\u00c8QUE &gt;<\/a><\/p>\n<h2>PERCEVOIR. TRAITER. D\u00c9CIDER. AGIR.<\/h2>\n<p>Que ce soit dans la vie quotidienne ou sur le terrain, chacun de nos mouvements et de nos actions est contr\u00f4l\u00e9 par notre cerveau. Consciemment ou inconsciemment, notre corps passe par un processus en quatre phases. Nous percevons, nous traitons, nous d\u00e9cidons et nous agissons.<br \/><strong><a href=\"https:\/\/www.skillshirtz.com\/fr\/notre-idee\/\">En savoir plus &gt;<\/a><\/strong><\/p>\n<p>\t\t\t\t\t\t\t\t\t\t\t\t\t\t\t<img loading=\"lazy\" decoding=\"async\" width=\"800\" height=\"800\" src=\"https:\/\/www.skillshirtz.com\/wp-content\/uploads\/2022\/09\/home_4_schritte_konzept_fr-1.svg\" alt=\"\" loading=\"lazy\" \/>\t\t\t\t\t\t\t\t\t\t\t\t\t\t\t<\/p>\n<style>\/*! elementor-pro - v3.13.2 - 22-05-2023 *\/\n.elementor-slides .swiper-slide-bg{background-size:cover;background-position:50%;background-repeat:no-repeat;min-width:100%;min-height:100%}.elementor-slides .swiper-slide-inner{background-repeat:no-repeat;background-position:50%;position:absolute;top:0;left:0;bottom:0;right:0;padding:50px;margin:auto}.elementor-slides .swiper-slide-inner,.elementor-slides .swiper-slide-inner:hover{color:#fff;display:flex}.elementor-slides .swiper-slide-inner .elementor-background-overlay{position:absolute;z-index:0;top:0;bottom:0;left:0;right:0}.elementor-slides .swiper-slide-inner .elementor-slide-content{position:relative;z-index:1;width:100%}.elementor-slides .swiper-slide-inner .elementor-slide-heading{font-size:35px;font-weight:700;line-height:1}.elementor-slides .swiper-slide-inner .elementor-slide-description{font-size:17px;line-height:1.4}.elementor-slides .swiper-slide-inner .elementor-slide-description:not(:last-child),.elementor-slides .swiper-slide-inner .elementor-slide-heading:not(:last-child){margin-bottom:30px}.elementor-slides .swiper-slide-inner .elementor-slide-button{border:2px solid #fff;color:#fff;background:transparent;display:inline-block}.elementor-slides .swiper-slide-inner .elementor-slide-button,.elementor-slides .swiper-slide-inner .elementor-slide-button:hover{background:transparent;color:inherit;text-decoration:none}.elementor--v-position-top .swiper-slide-inner{align-items:flex-start}.elementor--v-position-bottom .swiper-slide-inner{align-items:flex-end}.elementor--v-position-middle .swiper-slide-inner{align-items:center}.elementor--h-position-left .swiper-slide-inner{justify-content:flex-start}.elementor--h-position-right .swiper-slide-inner{justify-content:flex-end}.elementor--h-position-center .swiper-slide-inner{justify-content:center}body.rtl .elementor-widget-slides .elementor-swiper-button-next{left:10px;right:auto}body.rtl .elementor-widget-slides .elementor-swiper-button-prev{right:10px;left:auto}.elementor-slides-wrapper div:not(.swiper-slide)>.swiper-slide-inner{display:none}@media (max-width:767px){.elementor-slides .swiper-slide-inner{padding:30px}.elementor-slides .swiper-slide-inner .elementor-slide-heading{font-size:23px;line-height:1;margin-bottom:15px}.elementor-slides .swiper-slide-inner .elementor-slide-description{font-size:13px;line-height:1.4;margin-bottom:15px}}<\/style>\n<p>\t\t\t\t\t\t\t\t\t\t&#8220;PHYSIQUEMENT, BEAUCOUP DE CHOSES SONT EXPLOIT\u00c9ES. SUR LE PLAN COGNITIF, C&#8217;EST-\u00c0-DIRE EN CE QUI CONCERNE LA PERCEPTION, IL Y A ENCORE BEAUCOUP \u00c0 FAIRE&#8221;Julian Nagelsmann, FC Bayern Munich&#8221;LE FOOTBALL SE JOUE AVEC LA T\u00caTE. VOS JAMBES NE SONT QUE DES OUTILS.&#8221;Andrea Pirlo&#8221;SI UN JOUEUR A UNE BONNE TECHNIQUE ET UNE BONNE VITESSE DE BASE, MAIS QU&#8217;IL EST LENT DANS LA T\u00caTE, IL PEUT \u00caTRE MOINS UTILE DANS L&#8217;\u00c9QUIPE.&#8221;Joachim L\u00f6w&#8221;LA DIFF\u00c9RENCE ENTRE UN BON ET UN GRAND FOOTBALLEUR, C&#8217;EST LA PRISE DE D\u00c9CISION. FAIRE LES BONNES CHOSES AU BON MOMENT.&#8221;J\u00fcrgen Klopp, Liverpool FC&#8221;QUAND TU ARRIVES AU BAR\u00c7A, LA PREMI\u00c8RE CHOSE QU&#8217;ON T&#8217;APPREND, C&#8217;EST : R\u00c9FL\u00c9CHIR, R\u00c9FL\u00c9CHIR, R\u00c9FL\u00c9CHIR, VITE. L\u00c8VE LA T\u00caTE, BOUGE, REGARDE, R\u00c9FL\u00c9CHIT&#8221;Xavi Hern\u00e1ndez, FC Barcelona&#8221;MAIS SI VOUS ME DEMANDEZ O\u00d9 SE RETROUVENT LES PLUS GRANDES POSSIBILIT\u00c9S DE D\u00c9VELOPPEMENT DANS LE FOOTBALL, C&#8217;EST CLAIREMENT DANS LA T\u00caTE&#8221;.Ralf Rangnick&#8221;AVEC LE BALLON, IL EST CLAIR. IL VOIT ABSOLUMENT TOUT. IL PREND LES BONNES D\u00c9CISIONS AU BON MOMENT, \u00c0 CHAQUE FOIS.&#8221;Pep Guardiola, Manchester City sur Kevin de Bruyne&#8221;COURIR, C&#8217;EST POUR LES ANIMAUX. LE FOOTBALL C&#8217;EST AVEC LE CERVEAU ET LE BALLON&#8221;Louis van Gaal&#8221;LES BONNES INTUITIONS APPARAISSENT LORSQUE LES EXPERTS ONT APPRIS \u00c0 RECONNA\u00ceTRE DES \u00c9L\u00c9MENTS FAMILIERS DANS UNE NOUVELLE SITUATION ET \u00c0 AGIR EN CONS\u00c9QUENCE&#8221;.Daniel Kahneman, Princeton University&#8221;ON PEUT PR\u00c9DIRE QUE DANS 5 \u00c0 10 ANS, LES CAPACIT\u00c9S COGNITIVES SERONT UN \u00c9L\u00c9MENT CENTRAL DU PROFIL DES TALENTS, DES PROC\u00c9DURES DE S\u00c9LECTION, DE LA GESTION DE L&#8217;ENTRA\u00ceNEMENT ET DU CONTENU DE L&#8217;ENTRA\u00ceNEMENT, DU NIVEAU DES JEUNES AU NIVEAU PROFESSIONNEL&#8221;.Prof. Dr. Daniel Memmert, Haute \u00e9cole allemande de sport de Cologne<br \/>\n\t\t\t\t\t\t\t\t\t\t\t\t\t\tPrevious slide<br \/>\n\t\t\t\t\t\t\t\t\t\t\t\t\t\tNext slide<br \/>\n\t\t\t\t\t\t\t\t\t\t\t\t\t\t\t<img loading=\"lazy\" decoding=\"async\" width=\"800\" height=\"800\" src=\"https:\/\/www.skillshirtz.com\/wp-content\/uploads\/2021\/10\/Pfeile_2er_nachRechts.svg\" alt=\"\" loading=\"lazy\" \/><br \/>\n\t\t\t<a href=\"https:\/\/www.skillshirtz.com\/fr\/references\/\" role=\"button\"><br \/>\n\t\t\t\t\t\tR\u00c9F\u00c9RENCES<br \/>\n\t\t\t\t\t<\/a><br \/>\n\t\t\t\t\t\t\t\t\t\t\t\t\t\t\t<img loading=\"lazy\" decoding=\"async\" width=\"800\" height=\"565\" src=\"https:\/\/www.skillshirtz.com\/wp-content\/uploads\/2022\/02\/Mockup_laptoppsd-2.jpg\" alt=\"\" loading=\"lazy\" srcset=\"https:\/\/www.skillshirtz.com\/wp-content\/uploads\/2022\/02\/Mockup_laptoppsd-2.jpg 1024w, https:\/\/www.skillshirtz.com\/wp-content\/uploads\/2022\/02\/Mockup_laptoppsd-2-300x212.jpg 300w, https:\/\/www.skillshirtz.com\/wp-content\/uploads\/2022\/02\/Mockup_laptoppsd-2-768x542.jpg 768w, https:\/\/www.skillshirtz.com\/wp-content\/uploads\/2022\/02\/Mockup_laptoppsd-2-600x424.jpg 600w\" sizes=\"auto, (max-width: 800px) 100vw, 800px\" \/>\t\t\t\t\t\t\t\t\t\t\t\t\t\t\t<\/p>\n<h2>OPTIMISE TON ENTRA\u00ceNEMENT<\/h2>\n<p>Obtiens constamment de nouveaux exercices pour ton entra\u00eenement sur notre plateforme vid\u00e9o et stimule les yeux et le cerveau de tes joueurs.<br \/>Donne ainsi chaque jour de nouveaux stimuli \u00e0 tes entra\u00eenements et pose de nouveaux d\u00e9fis \u00e0 tes joueurs.<\/p>\n<p>\t\t\t<a href=\"https:\/\/www.skillshirtz.com\/fr\/mediatheque\/\" role=\"button\"><br \/>\n\t\t\t\t\t\tVERS LES VID\u00c9OS D&#8217;ENTRA\u00ceNEMENT<br \/>\n\t\t\t\t\t<\/a><\/p>\n<h2>COMMANDE MAINTENANT TON SET SKILLSHIRTZ\u00ae<\/h2>\n<p>Les SKILLSHIRTZ<sup>\u00ae<\/sup> sont disponibles en taille enfant (junior) et en taille adulte (s\u00e9nior). Un set SKILLSHIRTZ<sup>\u00ae<\/sup> est toujours compos\u00e9 de 12 SKILLSHIRTZ<sup>\u00ae<\/sup>.<\/p>\n<p>\t\t\t<a href=\"http:\/\/fr\/produkt\/skillshirtz-set\/?attribute_groesse=Junior+140+-+152\" role=\"button\"><br \/>\n\t\t\t\t\t\tCOMMANDER UN SET JUNIOR<br \/>CONFECTION 140-152<br \/>\n\t\t\t\t\t<\/a><\/p>\n<style>\/*! elementor - v3.13.3 - 22-05-2023 *\/\n.elementor-widget-divider{--divider-border-style:none;--divider-border-width:1px;--divider-color:#0c0d0e;--divider-icon-size:20px;--divider-element-spacing:10px;--divider-pattern-height:24px;--divider-pattern-size:20px;--divider-pattern-url:none;--divider-pattern-repeat:repeat-x}.elementor-widget-divider .elementor-divider{display:flex}.elementor-widget-divider .elementor-divider__text{font-size:15px;line-height:1;max-width:95%}.elementor-widget-divider .elementor-divider__element{margin:0 var(--divider-element-spacing);flex-shrink:0}.elementor-widget-divider .elementor-icon{font-size:var(--divider-icon-size)}.elementor-widget-divider .elementor-divider-separator{display:flex;margin:0;direction:ltr}.elementor-widget-divider--view-line_icon .elementor-divider-separator,.elementor-widget-divider--view-line_text .elementor-divider-separator{align-items:center}.elementor-widget-divider--view-line_icon .elementor-divider-separator:after,.elementor-widget-divider--view-line_icon .elementor-divider-separator:before,.elementor-widget-divider--view-line_text .elementor-divider-separator:after,.elementor-widget-divider--view-line_text .elementor-divider-separator:before{display:block;content:\"\";border-bottom:0;flex-grow:1;border-top:var(--divider-border-width) var(--divider-border-style) var(--divider-color)}.elementor-widget-divider--element-align-left .elementor-divider .elementor-divider-separator>.elementor-divider__svg:first-of-type{flex-grow:0;flex-shrink:100}.elementor-widget-divider--element-align-left .elementor-divider-separator:before{content:none}.elementor-widget-divider--element-align-left .elementor-divider__element{margin-left:0}.elementor-widget-divider--element-align-right .elementor-divider .elementor-divider-separator>.elementor-divider__svg:last-of-type{flex-grow:0;flex-shrink:100}.elementor-widget-divider--element-align-right .elementor-divider-separator:after{content:none}.elementor-widget-divider--element-align-right .elementor-divider__element{margin-right:0}.elementor-widget-divider:not(.elementor-widget-divider--view-line_text):not(.elementor-widget-divider--view-line_icon) .elementor-divider-separator{border-top:var(--divider-border-width) var(--divider-border-style) var(--divider-color)}.elementor-widget-divider--separator-type-pattern{--divider-border-style:none}.elementor-widget-divider--separator-type-pattern.elementor-widget-divider--view-line .elementor-divider-separator,.elementor-widget-divider--separator-type-pattern:not(.elementor-widget-divider--view-line) .elementor-divider-separator:after,.elementor-widget-divider--separator-type-pattern:not(.elementor-widget-divider--view-line) .elementor-divider-separator:before,.elementor-widget-divider--separator-type-pattern:not([class*=elementor-widget-divider--view]) .elementor-divider-separator{width:100%;min-height:var(--divider-pattern-height);-webkit-mask-size:var(--divider-pattern-size) 100%;mask-size:var(--divider-pattern-size) 100%;-webkit-mask-repeat:var(--divider-pattern-repeat);mask-repeat:var(--divider-pattern-repeat);background-color:var(--divider-color);-webkit-mask-image:var(--divider-pattern-url);mask-image:var(--divider-pattern-url)}.elementor-widget-divider--no-spacing{--divider-pattern-size:auto}.elementor-widget-divider--bg-round{--divider-pattern-repeat:round}.rtl .elementor-widget-divider .elementor-divider__text{direction:rtl}.e-con-inner>.elementor-widget-divider,.e-con>.elementor-widget-divider{width:var(--container-widget-width,100%);--flex-grow:var(--container-widget-flex-grow)}<\/style>\n<p>\t\t\t<a href=\"https:\/\/www.skillshirtz.com\/fr\/produkt\/skillshirtz-set\/?attribute_groesse=Senior+M+-+L\" role=\"button\"><br \/>\n\t\t\t\t\t\tCOMMANDER UN SET SENIOR<br \/>Confection M &#8211; L<br \/>\n\t\t\t\t\t<\/a><br \/>\n\t\t\t\t\t\t\t\t\t\t\t\t\t\t\t<img loading=\"lazy\" decoding=\"async\" width=\"800\" height=\"562\" src=\"https:\/\/www.skillshirtz.com\/wp-content\/uploads\/2021\/10\/12erSet_Skillshirtz.jpg\" alt=\"\" loading=\"lazy\" srcset=\"https:\/\/www.skillshirtz.com\/wp-content\/uploads\/2021\/10\/12erSet_Skillshirtz.jpg 840w, https:\/\/www.skillshirtz.com\/wp-content\/uploads\/2021\/10\/12erSet_Skillshirtz-600x421.jpg 600w, https:\/\/www.skillshirtz.com\/wp-content\/uploads\/2021\/10\/12erSet_Skillshirtz-300x211.jpg 300w, https:\/\/www.skillshirtz.com\/wp-content\/uploads\/2021\/10\/12erSet_Skillshirtz-768x539.jpg 768w\" sizes=\"auto, (max-width: 800px) 100vw, 800px\" \/><br \/>\n\t\t\t\t\t\t\t\t\t\t\t\t\t\t\t<img loading=\"lazy\" decoding=\"async\" width=\"800\" height=\"562\" src=\"https:\/\/www.skillshirtz.com\/wp-content\/uploads\/2021\/10\/Unser_Training.jpg\" alt=\"\" loading=\"lazy\" srcset=\"https:\/\/www.skillshirtz.com\/wp-content\/uploads\/2021\/10\/Unser_Training.jpg 840w, https:\/\/www.skillshirtz.com\/wp-content\/uploads\/2021\/10\/Unser_Training-600x421.jpg 600w, https:\/\/www.skillshirtz.com\/wp-content\/uploads\/2021\/10\/Unser_Training-300x211.jpg 300w, https:\/\/www.skillshirtz.com\/wp-content\/uploads\/2021\/10\/Unser_Training-768x539.jpg 768w\" sizes=\"auto, (max-width: 800px) 100vw, 800px\" \/>\t\t\t\t\t\t\t\t\t\t\t\t\t\t\t<\/p>\n<h2>NOTRE ENTRA\u00ceNEMENT DANS TON CLUB<\/h2>\n<p>Outre les comp\u00e9tences techniques pures, notre entra\u00eenement d\u00e9veloppe de mani\u00e8re cibl\u00e9e la perception et le traitement des informations. Nous encourageons en outre la prise de d\u00e9cisions rapides et correctes. Nos entra\u00eeneurs se feront un plaisir de vous montrer notre approche.<\/p>\n<p>\t\t\t<a href=\"https:\/\/www.skillshirtz.com\/fr\/entrainement\/\" role=\"button\"><br \/>\n\t\t\t\t\t\tNOTRE ENTRA\u00ceNEMENT<br \/>\n\t\t\t\t\t<\/a><br \/>\n\t\t\t<a href=\"#home-kontakt\" role=\"button\"><br \/>\n\t\t\t\t\t\tDEMANDER UN RENDEZ-VOUS<br \/>\n\t\t\t\t\t<\/a><\/p>\n<h2>PERCEVOIR. D\u00c9CIDER. AGIR.<\/h2>\n<p>\t\t\t<a href=\"https:\/\/www.skillshirtz.com\/fr\/skillshirtz\/skillshirtz-le-concept\/\" role=\"button\"><br \/>\n\t\t\t\t\t\tLE CONCEPT<br \/>\n\t\t\t\t\t<\/a><\/p>\n<h2>DEMANDE <br \/>PERSONNALIS\u00c9E<\/h2>\n<p>Si nous n&#8217;avons pas encore r\u00e9pondu \u00e0 toutes tes questions, nous nous ferons un plaisir de r\u00e9pondre \u00e0 tes questions et de recevoir ton feedback.<\/p>\n","protected":false},"excerpt":{"rendered":"<p>Rethink your drills. Improve your Skillz. QUE SONT LES SKILLSHIRTZ\u00ae? NOTRE ID\u00c9E COLOR YOUR DRILLS. IMPROVE YOUR SKILLZ SKILLSHIRTZ\u00ae L&#8217;outil multifonctionnel pour ton entra\u00eenement. Entra\u00eene le processus de perception cognitive de tes joueurs. VERS LES SKILLSHIRTZ\u00ae &gt; COLOR YOUR DRILLS. IMPROVE YOUR SKILLZ OPTIMISE TON ENTRA\u00ceNEMENT Obtiens constamment de nouveaux exercices pour ton entra\u00eenement sur [&hellip;]<\/p>\n","protected":false},"author":1,"featured_media":0,"parent":0,"menu_order":0,"comment_status":"closed","ping_status":"closed","template":"elementor_header_footer","meta":{"_acf_changed":false,"inline_featured_image":false,"footnotes":""},"class_list":["post-2766","page","type-page","status-publish","hentry"],"acf":[],"_links":{"self":[{"href":"https:\/\/www.skillshirtz.com\/fr\/wp-json\/wp\/v2\/pages\/2766","targetHints":{"allow":["GET"]}}],"collection":[{"href":"https:\/\/www.skillshirtz.com\/fr\/wp-json\/wp\/v2\/pages"}],"about":[{"href":"https:\/\/www.skillshirtz.com\/fr\/wp-json\/wp\/v2\/types\/page"}],"author":[{"embeddable":true,"href":"https:\/\/www.skillshirtz.com\/fr\/wp-json\/wp\/v2\/users\/1"}],"replies":[{"embeddable":true,"href":"https:\/\/www.skillshirtz.com\/fr\/wp-json\/wp\/v2\/comments?post=2766"}],"version-history":[{"count":118,"href":"https:\/\/www.skillshirtz.com\/fr\/wp-json\/wp\/v2\/pages\/2766\/revisions"}],"predecessor-version":[{"id":4785,"href":"https:\/\/www.skillshirtz.com\/fr\/wp-json\/wp\/v2\/pages\/2766\/revisions\/4785"}],"wp:attachment":[{"href":"https:\/\/www.skillshirtz.com\/fr\/wp-json\/wp\/v2\/media?parent=2766"}],"curies":[{"name":"wp","href":"https:\/\/api.w.org\/{rel}","templated":true}]}}